{"id":773,"date":"2019-07-11T10:22:04","date_gmt":"2019-07-11T13:22:04","guid":{"rendered":"http:\/\/www.jordanacosmeticos.com.br\/loja2\/?post_type=product&#038;p=773"},"modified":"2023-09-01T12:11:57","modified_gmt":"2023-09-01T15:11:57","slug":"2-em-1-base-e-corretivo-ccf-face-005-creamy-beige","status":"publish","type":"product","link":"https:\/\/www.jordanacosmeticos.com.br\/loja\/produto\/2-em-1-base-e-corretivo-ccf-face-005-creamy-beige\/","title":{"rendered":"2 em 1 &#8211; Base e Corretivo CCF &#8211; Face &#8211; 005 Creamy Beige"},"content":{"rendered":"<p><b>2 em 1 &#8211; Base e Corretivo CCF &#8211; Face &#8211; 005 Creamy Beige<\/b><\/p>\n<p><b>Peso: 60 g<\/b><\/p>\n","protected":false},"excerpt":{"rendered":"<p>2 em 1 &#8211; Base e Corretivo CCF &#8211; Face &#8211; 005 Creamy Beige Peso: 60 g<\/p>\n","protected":false},"featured_media":1229,"comment_status":"open","ping_status":"closed","template":"","meta":[],"product_cat":[116],"product_tag":[117,36],"yoast_head":"<!-- This site is optimized with the Yoast SEO plugin v20.13 - https:\/\/yoast.com\/wordpress\/plugins\/seo\/ -->\n<title>2 em 1 - Base e Corretivo CCF - Face - 005 Creamy Beige - Jordana Cosm\u00e9ticos no Brasil<\/title>\n<meta name=\"description\" content=\"Transforme sua pele com o 2 em 1 da Jordana: Base e Corretivo CCF! Cobertura impec\u00e1vel, corre\u00e7\u00e3o precisa e acabamento natural. Beleza e praticidade juntas!\" \/>\n<meta name=\"robots\" content=\"index, follow, max-snippet:-1, max-image-preview:large, max-video-preview:-1\" \/>\n<link rel=\"canonical\" href=\"https:\/\/www.jordanacosmeticos.com.br\/loja\/produto\/2-em-1-base-e-corretivo-ccf-face-005-creamy-beige\/\" \/>\n<meta property=\"og:locale\" content=\"pt_BR\" \/>\n<meta property=\"og:type\" content=\"article\" \/>\n<meta property=\"og:title\" content=\"2 em 1 - Base e Corretivo CCF - Face - 005 Creamy Beige - Jordana Cosm\u00e9ticos no Brasil\" \/>\n<meta property=\"og:description\" content=\"Transforme sua pele com o 2 em 1 da Jordana: Base e Corretivo CCF! Cobertura impec\u00e1vel, corre\u00e7\u00e3o precisa e acabamento natural. Beleza e praticidade juntas!\" \/>\n<meta property=\"og:url\" content=\"https:\/\/www.jordanacosmeticos.com.br\/loja\/produto\/2-em-1-base-e-corretivo-ccf-face-005-creamy-beige\/\" \/>\n<meta property=\"og:site_name\" content=\"Jordana Cosm\u00e9ticos no Brasil\" \/>\n<meta property=\"article:modified_time\" content=\"2023-09-01T15:11:57+00:00\" \/>\n<meta property=\"og:image\" content=\"https:\/\/www.jordanacosmeticos.com.br\/loja\/wp-content\/uploads\/2019\/07\/005-Creamy-Beige.jpg\" \/>\n\t<meta property=\"og:image:width\" content=\"350\" \/>\n\t<meta property=\"og:image:height\" content=\"350\" \/>\n\t<meta property=\"og:image:type\" content=\"image\/jpeg\" \/>\n<meta name=\"twitter:card\" content=\"summary_large_image\" \/>\n<meta name=\"twitter:label1\" content=\"Est. tempo de leitura\" \/>\n\t<meta name=\"twitter:data1\" content=\"1 minuto\" \/>\n<script type=\"application\/ld+json\" class=\"yoast-schema-graph\">{\"@context\":\"https:\/\/schema.org\",\"@graph\":[{\"@type\":\"WebPage\",\"@id\":\"https:\/\/www.jordanacosmeticos.com.br\/loja\/produto\/2-em-1-base-e-corretivo-ccf-face-005-creamy-beige\/\",\"url\":\"https:\/\/www.jordanacosmeticos.com.br\/loja\/produto\/2-em-1-base-e-corretivo-ccf-face-005-creamy-beige\/\",\"name\":\"2 em 1 - Base e Corretivo CCF - Face - 005 Creamy Beige - Jordana Cosm\u00e9ticos no Brasil\",\"isPartOf\":{\"@id\":\"https:\/\/www.jordanacosmeticos.com.br\/loja\/#website\"},\"datePublished\":\"2019-07-11T13:22:04+00:00\",\"dateModified\":\"2023-09-01T15:11:57+00:00\",\"description\":\"Transforme sua pele com o 2 em 1 da Jordana: Base e Corretivo CCF! Cobertura impec\u00e1vel, corre\u00e7\u00e3o precisa e acabamento natural. Beleza e praticidade juntas!\",\"breadcrumb\":{\"@id\":\"https:\/\/www.jordanacosmeticos.com.br\/loja\/produto\/2-em-1-base-e-corretivo-ccf-face-005-creamy-beige\/#breadcrumb\"},\"inLanguage\":\"pt-BR\",\"potentialAction\":[{\"@type\":\"ReadAction\",\"target\":[\"https:\/\/www.jordanacosmeticos.com.br\/loja\/produto\/2-em-1-base-e-corretivo-ccf-face-005-creamy-beige\/\"]}]},{\"@type\":\"BreadcrumbList\",\"@id\":\"https:\/\/www.jordanacosmeticos.com.br\/loja\/produto\/2-em-1-base-e-corretivo-ccf-face-005-creamy-beige\/#breadcrumb\",\"itemListElement\":[{\"@type\":\"ListItem\",\"position\":1,\"name\":\"In\u00edcio\",\"item\":\"https:\/\/www.jordanacosmeticos.com.br\/loja\/\"},{\"@type\":\"ListItem\",\"position\":2,\"name\":\"Loja\",\"item\":\"https:\/\/www.jordanacosmeticos.com.br\/loja\/loja\/\"},{\"@type\":\"ListItem\",\"position\":3,\"name\":\"2 em 1 &#8211; Base e Corretivo CCF &#8211; Face &#8211; 005 Creamy Beige\"}]},{\"@type\":\"WebSite\",\"@id\":\"https:\/\/www.jordanacosmeticos.com.br\/loja\/#website\",\"url\":\"https:\/\/www.jordanacosmeticos.com.br\/loja\/\",\"name\":\"Jordana Cosm\u00e9ticos no Brasil\",\"description\":\"\",\"publisher\":{\"@id\":\"https:\/\/www.jordanacosmeticos.com.br\/loja\/#organization\"},\"potentialAction\":[{\"@type\":\"SearchAction\",\"target\":{\"@type\":\"EntryPoint\",\"urlTemplate\":\"https:\/\/www.jordanacosmeticos.com.br\/loja\/?s={search_term_string}\"},\"query-input\":\"required name=search_term_string\"}],\"inLanguage\":\"pt-BR\"},{\"@type\":\"Organization\",\"@id\":\"https:\/\/www.jordanacosmeticos.com.br\/loja\/#organization\",\"name\":\"Jordana Cosm\u00e9ticos no Brasil\",\"url\":\"https:\/\/www.jordanacosmeticos.com.br\/loja\/\",\"logo\":{\"@type\":\"ImageObject\",\"inLanguage\":\"pt-BR\",\"@id\":\"https:\/\/www.jordanacosmeticos.com.br\/loja\/#\/schema\/logo\/image\/\",\"url\":\"https:\/\/www.jordanacosmeticos.com.br\/loja\/wp-content\/uploads\/2019\/06\/logo-wpb.fw_.png\",\"contentUrl\":\"https:\/\/www.jordanacosmeticos.com.br\/loja\/wp-content\/uploads\/2019\/06\/logo-wpb.fw_.png\",\"width\":262,\"height\":243,\"caption\":\"Jordana Cosm\u00e9ticos no Brasil\"},\"image\":{\"@id\":\"https:\/\/www.jordanacosmeticos.com.br\/loja\/#\/schema\/logo\/image\/\"}}]}<\/script>\n<!-- \/ Yoast SEO plugin. -->","yoast_head_json":{"title":"2 em 1 - Base e Corretivo CCF - Face - 005 Creamy Beige - Jordana Cosm\u00e9ticos no Brasil","description":"Transforme sua pele com o 2 em 1 da Jordana: Base e Corretivo CCF! Cobertura impec\u00e1vel, corre\u00e7\u00e3o precisa e acabamento natural. Beleza e praticidade juntas!","robots":{"index":"index","follow":"follow","max-snippet":"max-snippet:-1","max-image-preview":"max-image-preview:large","max-video-preview":"max-video-preview:-1"},"canonical":"https:\/\/www.jordanacosmeticos.com.br\/loja\/produto\/2-em-1-base-e-corretivo-ccf-face-005-creamy-beige\/","og_locale":"pt_BR","og_type":"article","og_title":"2 em 1 - Base e Corretivo CCF - Face - 005 Creamy Beige - Jordana Cosm\u00e9ticos no Brasil","og_description":"Transforme sua pele com o 2 em 1 da Jordana: Base e Corretivo CCF! Cobertura impec\u00e1vel, corre\u00e7\u00e3o precisa e acabamento natural. Beleza e praticidade juntas!","og_url":"https:\/\/www.jordanacosmeticos.com.br\/loja\/produto\/2-em-1-base-e-corretivo-ccf-face-005-creamy-beige\/","og_site_name":"Jordana Cosm\u00e9ticos no Brasil","article_modified_time":"2023-09-01T15:11:57+00:00","og_image":[{"width":350,"height":350,"url":"https:\/\/www.jordanacosmeticos.com.br\/loja\/wp-content\/uploads\/2019\/07\/005-Creamy-Beige.jpg","type":"image\/jpeg"}],"twitter_card":"summary_large_image","twitter_misc":{"Est. tempo de leitura":"1 minuto"},"schema":{"@context":"https:\/\/schema.org","@graph":[{"@type":"WebPage","@id":"https:\/\/www.jordanacosmeticos.com.br\/loja\/produto\/2-em-1-base-e-corretivo-ccf-face-005-creamy-beige\/","url":"https:\/\/www.jordanacosmeticos.com.br\/loja\/produto\/2-em-1-base-e-corretivo-ccf-face-005-creamy-beige\/","name":"2 em 1 - Base e Corretivo CCF - Face - 005 Creamy Beige - Jordana Cosm\u00e9ticos no Brasil","isPartOf":{"@id":"https:\/\/www.jordanacosmeticos.com.br\/loja\/#website"},"datePublished":"2019-07-11T13:22:04+00:00","dateModified":"2023-09-01T15:11:57+00:00","description":"Transforme sua pele com o 2 em 1 da Jordana: Base e Corretivo CCF! Cobertura impec\u00e1vel, corre\u00e7\u00e3o precisa e acabamento natural. Beleza e praticidade juntas!","breadcrumb":{"@id":"https:\/\/www.jordanacosmeticos.com.br\/loja\/produto\/2-em-1-base-e-corretivo-ccf-face-005-creamy-beige\/#breadcrumb"},"inLanguage":"pt-BR","potentialAction":[{"@type":"ReadAction","target":["https:\/\/www.jordanacosmeticos.com.br\/loja\/produto\/2-em-1-base-e-corretivo-ccf-face-005-creamy-beige\/"]}]},{"@type":"BreadcrumbList","@id":"https:\/\/www.jordanacosmeticos.com.br\/loja\/produto\/2-em-1-base-e-corretivo-ccf-face-005-creamy-beige\/#breadcrumb","itemListElement":[{"@type":"ListItem","position":1,"name":"In\u00edcio","item":"https:\/\/www.jordanacosmeticos.com.br\/loja\/"},{"@type":"ListItem","position":2,"name":"Loja","item":"https:\/\/www.jordanacosmeticos.com.br\/loja\/loja\/"},{"@type":"ListItem","position":3,"name":"2 em 1 &#8211; Base e Corretivo CCF &#8211; Face &#8211; 005 Creamy Beige"}]},{"@type":"WebSite","@id":"https:\/\/www.jordanacosmeticos.com.br\/loja\/#website","url":"https:\/\/www.jordanacosmeticos.com.br\/loja\/","name":"Jordana Cosm\u00e9ticos no Brasil","description":"","publisher":{"@id":"https:\/\/www.jordanacosmeticos.com.br\/loja\/#organization"},"potentialAction":[{"@type":"SearchAction","target":{"@type":"EntryPoint","urlTemplate":"https:\/\/www.jordanacosmeticos.com.br\/loja\/?s={search_term_string}"},"query-input":"required name=search_term_string"}],"inLanguage":"pt-BR"},{"@type":"Organization","@id":"https:\/\/www.jordanacosmeticos.com.br\/loja\/#organization","name":"Jordana Cosm\u00e9ticos no Brasil","url":"https:\/\/www.jordanacosmeticos.com.br\/loja\/","logo":{"@type":"ImageObject","inLanguage":"pt-BR","@id":"https:\/\/www.jordanacosmeticos.com.br\/loja\/#\/schema\/logo\/image\/","url":"https:\/\/www.jordanacosmeticos.com.br\/loja\/wp-content\/uploads\/2019\/06\/logo-wpb.fw_.png","contentUrl":"https:\/\/www.jordanacosmeticos.com.br\/loja\/wp-content\/uploads\/2019\/06\/logo-wpb.fw_.png","width":262,"height":243,"caption":"Jordana Cosm\u00e9ticos no Brasil"},"image":{"@id":"https:\/\/www.jordanacosmeticos.com.br\/loja\/#\/schema\/logo\/image\/"}}]}},"_links":{"self":[{"href":"https:\/\/www.jordanacosmeticos.com.br\/loja\/wp-json\/wp\/v2\/product\/773"}],"collection":[{"href":"https:\/\/www.jordanacosmeticos.com.br\/loja\/wp-json\/wp\/v2\/product"}],"about":[{"href":"https:\/\/www.jordanacosmeticos.com.br\/loja\/wp-json\/wp\/v2\/types\/product"}],"replies":[{"embeddable":true,"href":"https:\/\/www.jordanacosmeticos.com.br\/loja\/wp-json\/wp\/v2\/comments?post=773"}],"wp:featuredmedia":[{"embeddable":true,"href":"https:\/\/www.jordanacosmeticos.com.br\/loja\/wp-json\/wp\/v2\/media\/1229"}],"wp:attachment":[{"href":"https:\/\/www.jordanacosmeticos.com.br\/loja\/wp-json\/wp\/v2\/media?parent=773"}],"wp:term":[{"taxonomy":"product_cat","embeddable":true,"href":"https:\/\/www.jordanacosmeticos.com.br\/loja\/wp-json\/wp\/v2\/product_cat?post=773"},{"taxonomy":"product_tag","embeddable":true,"href":"https:\/\/www.jordanacosmeticos.com.br\/loja\/wp-json\/wp\/v2\/product_tag?post=773"}],"curies":[{"name":"wp","href":"https:\/\/api.w.org\/{rel}","templated":true}]}}