{"id":574,"date":"2019-07-10T14:54:25","date_gmt":"2019-07-10T17:54:25","guid":{"rendered":"http:\/\/www.jordanacosmeticos.com.br\/loja2\/?post_type=product&#038;p=574"},"modified":"2023-09-01T13:06:00","modified_gmt":"2023-09-01T16:06:00","slug":"sparklers-gl-labios-003-vanilla","status":"publish","type":"product","link":"https:\/\/www.jordanacosmeticos.com.br\/loja\/produto\/sparklers-gl-labios-003-vanilla\/","title":{"rendered":"Sparklers GL &#8211; L\u00e1bios &#8211; 003 Vanilla"},"content":{"rendered":"<p><b>Sparklers GL &#8211; L\u00e1bios &#8211; 003 Vanilla<\/b><\/p>\n<p><b>Iluminador suave e cintilante, com brilho deslumbrante<\/b><\/p>\n<p><b>Sabores agrad\u00e1veis<\/b><\/p>\n<p><b>Para uso isolado ou como iluminador do batom<\/b><\/p>\n<p><b>Peso: 25 g<\/b><\/p>\n","protected":false},"excerpt":{"rendered":"<p>Sparklers GL &#8211; L\u00e1bios &#8211; 003 Vanilla Iluminador suave e cintilante, com brilho deslumbrante Sabores agrad\u00e1veis Para uso isolado ou como iluminador do batom Peso: 25 g<\/p>\n","protected":false},"featured_media":2584,"comment_status":"open","ping_status":"closed","template":"","meta":[],"product_cat":[102],"product_tag":[26,103],"yoast_head":"<!-- This site is optimized with the Yoast SEO plugin v20.13 - https:\/\/yoast.com\/wordpress\/plugins\/seo\/ -->\n<title>Sparklers GL - L\u00e1bios - 003 Vanilla - Jordana Cosm\u00e9ticos no Brasil<\/title>\n<meta name=\"description\" content=\"Sparklers GL da Jordana: Brilho cintilante para um look deslumbrante! F\u00f3rmula leve, aplica\u00e7\u00e3o suave. Adicione um toque de magia ao seu visual!\" \/>\n<meta name=\"robots\" content=\"index, follow, max-snippet:-1, max-image-preview:large, max-video-preview:-1\" \/>\n<link rel=\"canonical\" href=\"https:\/\/www.jordanacosmeticos.com.br\/loja\/produto\/sparklers-gl-labios-003-vanilla\/\" \/>\n<meta property=\"og:locale\" content=\"pt_BR\" \/>\n<meta property=\"og:type\" content=\"article\" \/>\n<meta property=\"og:title\" content=\"Sparklers GL - L\u00e1bios - 003 Vanilla - Jordana Cosm\u00e9ticos no Brasil\" \/>\n<meta property=\"og:description\" content=\"Sparklers GL da Jordana: Brilho cintilante para um look deslumbrante! F\u00f3rmula leve, aplica\u00e7\u00e3o suave. Adicione um toque de magia ao seu visual!\" \/>\n<meta property=\"og:url\" content=\"https:\/\/www.jordanacosmeticos.com.br\/loja\/produto\/sparklers-gl-labios-003-vanilla\/\" \/>\n<meta property=\"og:site_name\" content=\"Jordana Cosm\u00e9ticos no Brasil\" \/>\n<meta property=\"article:modified_time\" content=\"2023-09-01T16:06:00+00:00\" \/>\n<meta property=\"og:image\" content=\"https:\/\/www.jordanacosmeticos.com.br\/loja\/wp-content\/uploads\/2019\/08\/003-Vanilla.jpg\" \/>\n\t<meta property=\"og:image:width\" content=\"350\" \/>\n\t<meta property=\"og:image:height\" content=\"350\" \/>\n\t<meta property=\"og:image:type\" content=\"image\/jpeg\" \/>\n<meta name=\"twitter:card\" content=\"summary_large_image\" \/>\n<meta name=\"twitter:label1\" content=\"Est. tempo de leitura\" \/>\n\t<meta name=\"twitter:data1\" content=\"1 minuto\" \/>\n<script type=\"application\/ld+json\" class=\"yoast-schema-graph\">{\"@context\":\"https:\/\/schema.org\",\"@graph\":[{\"@type\":\"WebPage\",\"@id\":\"https:\/\/www.jordanacosmeticos.com.br\/loja\/produto\/sparklers-gl-labios-003-vanilla\/\",\"url\":\"https:\/\/www.jordanacosmeticos.com.br\/loja\/produto\/sparklers-gl-labios-003-vanilla\/\",\"name\":\"Sparklers GL - L\u00e1bios - 003 Vanilla - Jordana Cosm\u00e9ticos no Brasil\",\"isPartOf\":{\"@id\":\"https:\/\/www.jordanacosmeticos.com.br\/loja\/#website\"},\"datePublished\":\"2019-07-10T17:54:25+00:00\",\"dateModified\":\"2023-09-01T16:06:00+00:00\",\"description\":\"Sparklers GL da Jordana: Brilho cintilante para um look deslumbrante! F\u00f3rmula leve, aplica\u00e7\u00e3o suave. Adicione um toque de magia ao seu visual!\",\"breadcrumb\":{\"@id\":\"https:\/\/www.jordanacosmeticos.com.br\/loja\/produto\/sparklers-gl-labios-003-vanilla\/#breadcrumb\"},\"inLanguage\":\"pt-BR\",\"potentialAction\":[{\"@type\":\"ReadAction\",\"target\":[\"https:\/\/www.jordanacosmeticos.com.br\/loja\/produto\/sparklers-gl-labios-003-vanilla\/\"]}]},{\"@type\":\"BreadcrumbList\",\"@id\":\"https:\/\/www.jordanacosmeticos.com.br\/loja\/produto\/sparklers-gl-labios-003-vanilla\/#breadcrumb\",\"itemListElement\":[{\"@type\":\"ListItem\",\"position\":1,\"name\":\"In\u00edcio\",\"item\":\"https:\/\/www.jordanacosmeticos.com.br\/loja\/\"},{\"@type\":\"ListItem\",\"position\":2,\"name\":\"Loja\",\"item\":\"https:\/\/www.jordanacosmeticos.com.br\/loja\/loja\/\"},{\"@type\":\"ListItem\",\"position\":3,\"name\":\"Sparklers GL &#8211; L\u00e1bios &#8211; 003 Vanilla\"}]},{\"@type\":\"WebSite\",\"@id\":\"https:\/\/www.jordanacosmeticos.com.br\/loja\/#website\",\"url\":\"https:\/\/www.jordanacosmeticos.com.br\/loja\/\",\"name\":\"Jordana Cosm\u00e9ticos no Brasil\",\"description\":\"\",\"publisher\":{\"@id\":\"https:\/\/www.jordanacosmeticos.com.br\/loja\/#organization\"},\"potentialAction\":[{\"@type\":\"SearchAction\",\"target\":{\"@type\":\"EntryPoint\",\"urlTemplate\":\"https:\/\/www.jordanacosmeticos.com.br\/loja\/?s={search_term_string}\"},\"query-input\":\"required name=search_term_string\"}],\"inLanguage\":\"pt-BR\"},{\"@type\":\"Organization\",\"@id\":\"https:\/\/www.jordanacosmeticos.com.br\/loja\/#organization\",\"name\":\"Jordana Cosm\u00e9ticos no Brasil\",\"url\":\"https:\/\/www.jordanacosmeticos.com.br\/loja\/\",\"logo\":{\"@type\":\"ImageObject\",\"inLanguage\":\"pt-BR\",\"@id\":\"https:\/\/www.jordanacosmeticos.com.br\/loja\/#\/schema\/logo\/image\/\",\"url\":\"https:\/\/www.jordanacosmeticos.com.br\/loja\/wp-content\/uploads\/2019\/06\/logo-wpb.fw_.png\",\"contentUrl\":\"https:\/\/www.jordanacosmeticos.com.br\/loja\/wp-content\/uploads\/2019\/06\/logo-wpb.fw_.png\",\"width\":262,\"height\":243,\"caption\":\"Jordana Cosm\u00e9ticos no Brasil\"},\"image\":{\"@id\":\"https:\/\/www.jordanacosmeticos.com.br\/loja\/#\/schema\/logo\/image\/\"}}]}<\/script>\n<!-- \/ Yoast SEO plugin. -->","yoast_head_json":{"title":"Sparklers GL - L\u00e1bios - 003 Vanilla - Jordana Cosm\u00e9ticos no Brasil","description":"Sparklers GL da Jordana: Brilho cintilante para um look deslumbrante! F\u00f3rmula leve, aplica\u00e7\u00e3o suave. Adicione um toque de magia ao seu visual!","robots":{"index":"index","follow":"follow","max-snippet":"max-snippet:-1","max-image-preview":"max-image-preview:large","max-video-preview":"max-video-preview:-1"},"canonical":"https:\/\/www.jordanacosmeticos.com.br\/loja\/produto\/sparklers-gl-labios-003-vanilla\/","og_locale":"pt_BR","og_type":"article","og_title":"Sparklers GL - L\u00e1bios - 003 Vanilla - Jordana Cosm\u00e9ticos no Brasil","og_description":"Sparklers GL da Jordana: Brilho cintilante para um look deslumbrante! F\u00f3rmula leve, aplica\u00e7\u00e3o suave. Adicione um toque de magia ao seu visual!","og_url":"https:\/\/www.jordanacosmeticos.com.br\/loja\/produto\/sparklers-gl-labios-003-vanilla\/","og_site_name":"Jordana Cosm\u00e9ticos no Brasil","article_modified_time":"2023-09-01T16:06:00+00:00","og_image":[{"width":350,"height":350,"url":"https:\/\/www.jordanacosmeticos.com.br\/loja\/wp-content\/uploads\/2019\/08\/003-Vanilla.jpg","type":"image\/jpeg"}],"twitter_card":"summary_large_image","twitter_misc":{"Est. tempo de leitura":"1 minuto"},"schema":{"@context":"https:\/\/schema.org","@graph":[{"@type":"WebPage","@id":"https:\/\/www.jordanacosmeticos.com.br\/loja\/produto\/sparklers-gl-labios-003-vanilla\/","url":"https:\/\/www.jordanacosmeticos.com.br\/loja\/produto\/sparklers-gl-labios-003-vanilla\/","name":"Sparklers GL - L\u00e1bios - 003 Vanilla - Jordana Cosm\u00e9ticos no Brasil","isPartOf":{"@id":"https:\/\/www.jordanacosmeticos.com.br\/loja\/#website"},"datePublished":"2019-07-10T17:54:25+00:00","dateModified":"2023-09-01T16:06:00+00:00","description":"Sparklers GL da Jordana: Brilho cintilante para um look deslumbrante! F\u00f3rmula leve, aplica\u00e7\u00e3o suave. Adicione um toque de magia ao seu visual!","breadcrumb":{"@id":"https:\/\/www.jordanacosmeticos.com.br\/loja\/produto\/sparklers-gl-labios-003-vanilla\/#breadcrumb"},"inLanguage":"pt-BR","potentialAction":[{"@type":"ReadAction","target":["https:\/\/www.jordanacosmeticos.com.br\/loja\/produto\/sparklers-gl-labios-003-vanilla\/"]}]},{"@type":"BreadcrumbList","@id":"https:\/\/www.jordanacosmeticos.com.br\/loja\/produto\/sparklers-gl-labios-003-vanilla\/#breadcrumb","itemListElement":[{"@type":"ListItem","position":1,"name":"In\u00edcio","item":"https:\/\/www.jordanacosmeticos.com.br\/loja\/"},{"@type":"ListItem","position":2,"name":"Loja","item":"https:\/\/www.jordanacosmeticos.com.br\/loja\/loja\/"},{"@type":"ListItem","position":3,"name":"Sparklers GL &#8211; L\u00e1bios &#8211; 003 Vanilla"}]},{"@type":"WebSite","@id":"https:\/\/www.jordanacosmeticos.com.br\/loja\/#website","url":"https:\/\/www.jordanacosmeticos.com.br\/loja\/","name":"Jordana Cosm\u00e9ticos no Brasil","description":"","publisher":{"@id":"https:\/\/www.jordanacosmeticos.com.br\/loja\/#organization"},"potentialAction":[{"@type":"SearchAction","target":{"@type":"EntryPoint","urlTemplate":"https:\/\/www.jordanacosmeticos.com.br\/loja\/?s={search_term_string}"},"query-input":"required name=search_term_string"}],"inLanguage":"pt-BR"},{"@type":"Organization","@id":"https:\/\/www.jordanacosmeticos.com.br\/loja\/#organization","name":"Jordana Cosm\u00e9ticos no Brasil","url":"https:\/\/www.jordanacosmeticos.com.br\/loja\/","logo":{"@type":"ImageObject","inLanguage":"pt-BR","@id":"https:\/\/www.jordanacosmeticos.com.br\/loja\/#\/schema\/logo\/image\/","url":"https:\/\/www.jordanacosmeticos.com.br\/loja\/wp-content\/uploads\/2019\/06\/logo-wpb.fw_.png","contentUrl":"https:\/\/www.jordanacosmeticos.com.br\/loja\/wp-content\/uploads\/2019\/06\/logo-wpb.fw_.png","width":262,"height":243,"caption":"Jordana Cosm\u00e9ticos no Brasil"},"image":{"@id":"https:\/\/www.jordanacosmeticos.com.br\/loja\/#\/schema\/logo\/image\/"}}]}},"_links":{"self":[{"href":"https:\/\/www.jordanacosmeticos.com.br\/loja\/wp-json\/wp\/v2\/product\/574"}],"collection":[{"href":"https:\/\/www.jordanacosmeticos.com.br\/loja\/wp-json\/wp\/v2\/product"}],"about":[{"href":"https:\/\/www.jordanacosmeticos.com.br\/loja\/wp-json\/wp\/v2\/types\/product"}],"replies":[{"embeddable":true,"href":"https:\/\/www.jordanacosmeticos.com.br\/loja\/wp-json\/wp\/v2\/comments?post=574"}],"wp:featuredmedia":[{"embeddable":true,"href":"https:\/\/www.jordanacosmeticos.com.br\/loja\/wp-json\/wp\/v2\/media\/2584"}],"wp:attachment":[{"href":"https:\/\/www.jordanacosmeticos.com.br\/loja\/wp-json\/wp\/v2\/media?parent=574"}],"wp:term":[{"taxonomy":"product_cat","embeddable":true,"href":"https:\/\/www.jordanacosmeticos.com.br\/loja\/wp-json\/wp\/v2\/product_cat?post=574"},{"taxonomy":"product_tag","embeddable":true,"href":"https:\/\/www.jordanacosmeticos.com.br\/loja\/wp-json\/wp\/v2\/product_tag?post=574"}],"curies":[{"name":"wp","href":"https:\/\/api.w.org\/{rel}","templated":true}]}}