{"id":571,"date":"2019-07-10T14:47:44","date_gmt":"2019-07-10T17:47:44","guid":{"rendered":"http:\/\/www.jordanacosmeticos.com.br\/loja2\/?post_type=product&#038;p=571"},"modified":"2023-09-01T13:06:09","modified_gmt":"2023-09-01T16:06:09","slug":"gloss-sensations-tg-labios-716-bronzy-charm","status":"publish","type":"product","link":"https:\/\/www.jordanacosmeticos.com.br\/loja\/produto\/gloss-sensations-tg-labios-716-bronzy-charm\/","title":{"rendered":"Gloss Sensations TG &#8211; L\u00e1bios &#8211; 716 Bronzy Charm"},"content":{"rendered":"<p><b>Gloss Sensations TG &#8211; L\u00e1bios &#8211; 716 Bronzy Charm<\/b><\/p>\n<p><b>Cores brilhantes, que deixam um visual super feminino<\/b><\/p>\n<p><b>Ess\u00eancia agrad\u00e1vel<\/b><\/p>\n<p><b>Com pr\u00e1tico aplicador<\/b><\/p>\n<p><b>Peso: 15 g<\/b><\/p>\n","protected":false},"excerpt":{"rendered":"<p>Gloss Sensations TG &#8211; L\u00e1bios &#8211; 716 Bronzy Charm Cores brilhantes, que deixam um visual super feminino Ess\u00eancia agrad\u00e1vel Com pr\u00e1tico aplicador Peso: 15 g<\/p>\n","protected":false},"featured_media":1876,"comment_status":"open","ping_status":"closed","template":"","meta":[],"product_cat":[100],"product_tag":[101,26],"yoast_head":"<!-- This site is optimized with the Yoast SEO plugin v20.13 - https:\/\/yoast.com\/wordpress\/plugins\/seo\/ -->\n<title>Gloss Sensations TG - L\u00e1bios - 716 Bronzy Charm - Jordana Cosm\u00e9ticos no Brasil<\/title>\n<meta name=\"description\" content=\"Gloss Sensations TG da Jordana: L\u00e1bios irresistivelmente brilhantes! Hidrata\u00e7\u00e3o profunda, cores deslumbrantes. Sensa\u00e7\u00e3o de conforto e beleza o dia todo!\" \/>\n<meta name=\"robots\" content=\"index, follow, max-snippet:-1, max-image-preview:large, max-video-preview:-1\" \/>\n<link rel=\"canonical\" href=\"https:\/\/www.jordanacosmeticos.com.br\/loja\/produto\/gloss-sensations-tg-labios-716-bronzy-charm\/\" \/>\n<meta property=\"og:locale\" content=\"pt_BR\" \/>\n<meta property=\"og:type\" content=\"article\" \/>\n<meta property=\"og:title\" content=\"Gloss Sensations TG - L\u00e1bios - 716 Bronzy Charm - Jordana Cosm\u00e9ticos no Brasil\" \/>\n<meta property=\"og:description\" content=\"Gloss Sensations TG da Jordana: L\u00e1bios irresistivelmente brilhantes! Hidrata\u00e7\u00e3o profunda, cores deslumbrantes. Sensa\u00e7\u00e3o de conforto e beleza o dia todo!\" \/>\n<meta property=\"og:url\" content=\"https:\/\/www.jordanacosmeticos.com.br\/loja\/produto\/gloss-sensations-tg-labios-716-bronzy-charm\/\" \/>\n<meta property=\"og:site_name\" content=\"Jordana Cosm\u00e9ticos no Brasil\" \/>\n<meta property=\"article:modified_time\" content=\"2023-09-01T16:06:09+00:00\" \/>\n<meta property=\"og:image\" content=\"https:\/\/www.jordanacosmeticos.com.br\/loja\/wp-content\/uploads\/2019\/08\/716-Bronzy-Charm.jpg\" \/>\n\t<meta property=\"og:image:width\" content=\"350\" \/>\n\t<meta property=\"og:image:height\" content=\"350\" \/>\n\t<meta property=\"og:image:type\" content=\"image\/jpeg\" \/>\n<meta name=\"twitter:card\" content=\"summary_large_image\" \/>\n<meta name=\"twitter:label1\" content=\"Est. tempo de leitura\" \/>\n\t<meta name=\"twitter:data1\" content=\"1 minuto\" \/>\n<script type=\"application\/ld+json\" class=\"yoast-schema-graph\">{\"@context\":\"https:\/\/schema.org\",\"@graph\":[{\"@type\":\"WebPage\",\"@id\":\"https:\/\/www.jordanacosmeticos.com.br\/loja\/produto\/gloss-sensations-tg-labios-716-bronzy-charm\/\",\"url\":\"https:\/\/www.jordanacosmeticos.com.br\/loja\/produto\/gloss-sensations-tg-labios-716-bronzy-charm\/\",\"name\":\"Gloss Sensations TG - L\u00e1bios - 716 Bronzy Charm - Jordana Cosm\u00e9ticos no Brasil\",\"isPartOf\":{\"@id\":\"https:\/\/www.jordanacosmeticos.com.br\/loja\/#website\"},\"datePublished\":\"2019-07-10T17:47:44+00:00\",\"dateModified\":\"2023-09-01T16:06:09+00:00\",\"description\":\"Gloss Sensations TG da Jordana: L\u00e1bios irresistivelmente brilhantes! Hidrata\u00e7\u00e3o profunda, cores deslumbrantes. Sensa\u00e7\u00e3o de conforto e beleza o dia todo!\",\"breadcrumb\":{\"@id\":\"https:\/\/www.jordanacosmeticos.com.br\/loja\/produto\/gloss-sensations-tg-labios-716-bronzy-charm\/#breadcrumb\"},\"inLanguage\":\"pt-BR\",\"potentialAction\":[{\"@type\":\"ReadAction\",\"target\":[\"https:\/\/www.jordanacosmeticos.com.br\/loja\/produto\/gloss-sensations-tg-labios-716-bronzy-charm\/\"]}]},{\"@type\":\"BreadcrumbList\",\"@id\":\"https:\/\/www.jordanacosmeticos.com.br\/loja\/produto\/gloss-sensations-tg-labios-716-bronzy-charm\/#breadcrumb\",\"itemListElement\":[{\"@type\":\"ListItem\",\"position\":1,\"name\":\"In\u00edcio\",\"item\":\"https:\/\/www.jordanacosmeticos.com.br\/loja\/\"},{\"@type\":\"ListItem\",\"position\":2,\"name\":\"Loja\",\"item\":\"https:\/\/www.jordanacosmeticos.com.br\/loja\/loja\/\"},{\"@type\":\"ListItem\",\"position\":3,\"name\":\"Gloss Sensations TG &#8211; L\u00e1bios &#8211; 716 Bronzy Charm\"}]},{\"@type\":\"WebSite\",\"@id\":\"https:\/\/www.jordanacosmeticos.com.br\/loja\/#website\",\"url\":\"https:\/\/www.jordanacosmeticos.com.br\/loja\/\",\"name\":\"Jordana Cosm\u00e9ticos no Brasil\",\"description\":\"\",\"publisher\":{\"@id\":\"https:\/\/www.jordanacosmeticos.com.br\/loja\/#organization\"},\"potentialAction\":[{\"@type\":\"SearchAction\",\"target\":{\"@type\":\"EntryPoint\",\"urlTemplate\":\"https:\/\/www.jordanacosmeticos.com.br\/loja\/?s={search_term_string}\"},\"query-input\":\"required name=search_term_string\"}],\"inLanguage\":\"pt-BR\"},{\"@type\":\"Organization\",\"@id\":\"https:\/\/www.jordanacosmeticos.com.br\/loja\/#organization\",\"name\":\"Jordana Cosm\u00e9ticos no Brasil\",\"url\":\"https:\/\/www.jordanacosmeticos.com.br\/loja\/\",\"logo\":{\"@type\":\"ImageObject\",\"inLanguage\":\"pt-BR\",\"@id\":\"https:\/\/www.jordanacosmeticos.com.br\/loja\/#\/schema\/logo\/image\/\",\"url\":\"https:\/\/www.jordanacosmeticos.com.br\/loja\/wp-content\/uploads\/2019\/06\/logo-wpb.fw_.png\",\"contentUrl\":\"https:\/\/www.jordanacosmeticos.com.br\/loja\/wp-content\/uploads\/2019\/06\/logo-wpb.fw_.png\",\"width\":262,\"height\":243,\"caption\":\"Jordana Cosm\u00e9ticos no Brasil\"},\"image\":{\"@id\":\"https:\/\/www.jordanacosmeticos.com.br\/loja\/#\/schema\/logo\/image\/\"}}]}<\/script>\n<!-- \/ Yoast SEO plugin. -->","yoast_head_json":{"title":"Gloss Sensations TG - L\u00e1bios - 716 Bronzy Charm - Jordana Cosm\u00e9ticos no Brasil","description":"Gloss Sensations TG da Jordana: L\u00e1bios irresistivelmente brilhantes! Hidrata\u00e7\u00e3o profunda, cores deslumbrantes. Sensa\u00e7\u00e3o de conforto e beleza o dia todo!","robots":{"index":"index","follow":"follow","max-snippet":"max-snippet:-1","max-image-preview":"max-image-preview:large","max-video-preview":"max-video-preview:-1"},"canonical":"https:\/\/www.jordanacosmeticos.com.br\/loja\/produto\/gloss-sensations-tg-labios-716-bronzy-charm\/","og_locale":"pt_BR","og_type":"article","og_title":"Gloss Sensations TG - L\u00e1bios - 716 Bronzy Charm - Jordana Cosm\u00e9ticos no Brasil","og_description":"Gloss Sensations TG da Jordana: L\u00e1bios irresistivelmente brilhantes! Hidrata\u00e7\u00e3o profunda, cores deslumbrantes. Sensa\u00e7\u00e3o de conforto e beleza o dia todo!","og_url":"https:\/\/www.jordanacosmeticos.com.br\/loja\/produto\/gloss-sensations-tg-labios-716-bronzy-charm\/","og_site_name":"Jordana Cosm\u00e9ticos no Brasil","article_modified_time":"2023-09-01T16:06:09+00:00","og_image":[{"width":350,"height":350,"url":"https:\/\/www.jordanacosmeticos.com.br\/loja\/wp-content\/uploads\/2019\/08\/716-Bronzy-Charm.jpg","type":"image\/jpeg"}],"twitter_card":"summary_large_image","twitter_misc":{"Est. tempo de leitura":"1 minuto"},"schema":{"@context":"https:\/\/schema.org","@graph":[{"@type":"WebPage","@id":"https:\/\/www.jordanacosmeticos.com.br\/loja\/produto\/gloss-sensations-tg-labios-716-bronzy-charm\/","url":"https:\/\/www.jordanacosmeticos.com.br\/loja\/produto\/gloss-sensations-tg-labios-716-bronzy-charm\/","name":"Gloss Sensations TG - L\u00e1bios - 716 Bronzy Charm - Jordana Cosm\u00e9ticos no Brasil","isPartOf":{"@id":"https:\/\/www.jordanacosmeticos.com.br\/loja\/#website"},"datePublished":"2019-07-10T17:47:44+00:00","dateModified":"2023-09-01T16:06:09+00:00","description":"Gloss Sensations TG da Jordana: L\u00e1bios irresistivelmente brilhantes! Hidrata\u00e7\u00e3o profunda, cores deslumbrantes. Sensa\u00e7\u00e3o de conforto e beleza o dia todo!","breadcrumb":{"@id":"https:\/\/www.jordanacosmeticos.com.br\/loja\/produto\/gloss-sensations-tg-labios-716-bronzy-charm\/#breadcrumb"},"inLanguage":"pt-BR","potentialAction":[{"@type":"ReadAction","target":["https:\/\/www.jordanacosmeticos.com.br\/loja\/produto\/gloss-sensations-tg-labios-716-bronzy-charm\/"]}]},{"@type":"BreadcrumbList","@id":"https:\/\/www.jordanacosmeticos.com.br\/loja\/produto\/gloss-sensations-tg-labios-716-bronzy-charm\/#breadcrumb","itemListElement":[{"@type":"ListItem","position":1,"name":"In\u00edcio","item":"https:\/\/www.jordanacosmeticos.com.br\/loja\/"},{"@type":"ListItem","position":2,"name":"Loja","item":"https:\/\/www.jordanacosmeticos.com.br\/loja\/loja\/"},{"@type":"ListItem","position":3,"name":"Gloss Sensations TG &#8211; L\u00e1bios &#8211; 716 Bronzy Charm"}]},{"@type":"WebSite","@id":"https:\/\/www.jordanacosmeticos.com.br\/loja\/#website","url":"https:\/\/www.jordanacosmeticos.com.br\/loja\/","name":"Jordana Cosm\u00e9ticos no Brasil","description":"","publisher":{"@id":"https:\/\/www.jordanacosmeticos.com.br\/loja\/#organization"},"potentialAction":[{"@type":"SearchAction","target":{"@type":"EntryPoint","urlTemplate":"https:\/\/www.jordanacosmeticos.com.br\/loja\/?s={search_term_string}"},"query-input":"required name=search_term_string"}],"inLanguage":"pt-BR"},{"@type":"Organization","@id":"https:\/\/www.jordanacosmeticos.com.br\/loja\/#organization","name":"Jordana Cosm\u00e9ticos no Brasil","url":"https:\/\/www.jordanacosmeticos.com.br\/loja\/","logo":{"@type":"ImageObject","inLanguage":"pt-BR","@id":"https:\/\/www.jordanacosmeticos.com.br\/loja\/#\/schema\/logo\/image\/","url":"https:\/\/www.jordanacosmeticos.com.br\/loja\/wp-content\/uploads\/2019\/06\/logo-wpb.fw_.png","contentUrl":"https:\/\/www.jordanacosmeticos.com.br\/loja\/wp-content\/uploads\/2019\/06\/logo-wpb.fw_.png","width":262,"height":243,"caption":"Jordana Cosm\u00e9ticos no Brasil"},"image":{"@id":"https:\/\/www.jordanacosmeticos.com.br\/loja\/#\/schema\/logo\/image\/"}}]}},"_links":{"self":[{"href":"https:\/\/www.jordanacosmeticos.com.br\/loja\/wp-json\/wp\/v2\/product\/571"}],"collection":[{"href":"https:\/\/www.jordanacosmeticos.com.br\/loja\/wp-json\/wp\/v2\/product"}],"about":[{"href":"https:\/\/www.jordanacosmeticos.com.br\/loja\/wp-json\/wp\/v2\/types\/product"}],"replies":[{"embeddable":true,"href":"https:\/\/www.jordanacosmeticos.com.br\/loja\/wp-json\/wp\/v2\/comments?post=571"}],"wp:featuredmedia":[{"embeddable":true,"href":"https:\/\/www.jordanacosmeticos.com.br\/loja\/wp-json\/wp\/v2\/media\/1876"}],"wp:attachment":[{"href":"https:\/\/www.jordanacosmeticos.com.br\/loja\/wp-json\/wp\/v2\/media?parent=571"}],"wp:term":[{"taxonomy":"product_cat","embeddable":true,"href":"https:\/\/www.jordanacosmeticos.com.br\/loja\/wp-json\/wp\/v2\/product_cat?post=571"},{"taxonomy":"product_tag","embeddable":true,"href":"https:\/\/www.jordanacosmeticos.com.br\/loja\/wp-json\/wp\/v2\/product_tag?post=571"}],"curies":[{"name":"wp","href":"https:\/\/api.w.org\/{rel}","templated":true}]}}