{"id":535,"date":"2019-07-10T11:54:50","date_gmt":"2019-07-10T14:54:50","guid":{"rendered":"http:\/\/www.jordanacosmeticos.com.br\/loja2\/?post_type=product&#038;p=535"},"modified":"2024-06-11T17:35:22","modified_gmt":"2024-06-11T20:35:22","slug":"lapis-easy-para-labios-el-labios-010-plush-plum","status":"publish","type":"product","link":"https:\/\/www.jordanacosmeticos.com.br\/loja\/produto\/lapis-easy-para-labios-el-labios-010-plush-plum\/","title":{"rendered":"L\u00e1pis Easy para L\u00e1bios EL &#8211; L\u00e1bios &#8211; 010 Plush Plum"},"content":{"rendered":"<p><b>L\u00e1pis Easy para L\u00e1bios EL &#8211; 010 Plush Plum<\/b><\/p>\n<p><b>Retr\u00e1til (n\u00e3o \u00e9 necess\u00e1rio apontar)<\/b><\/p>\n<p><b>F\u00f3rmula suave e de f\u00e1cil aplica\u00e7\u00e3o<\/b><\/p>\n<p><b>Excelente cobertura<\/b><\/p>\n<p><b>Longa dura\u00e7\u00e3o<\/b><\/p>\n<p><b>Peso: 10 g<\/b><\/p>\n<p><img decoding=\"async\" class=\"alignnone size-full wp-image-2125\" src=\"http:\/\/www.jordanacosmeticos.com.br\/loja2\/wp-content\/uploads\/2019\/08\/010-Plush-Plum-cor.jpg\" alt=\"\" width=\"50\" height=\"48\" \/><\/p>\n","protected":false},"excerpt":{"rendered":"<p>&nbsp;<\/p>\n<form action=\"https:\/\/pagseguro.uol.com.br\/security\/webpagamentos\/webpagto.aspx\" method=\"post\" target=\"pagseguro\"><input name=\"email_cobranca\" type=\"hidden\" value=\"jordanacosmeticos@gmail.com\" \/> <input name=\"tipo\" type=\"hidden\" value=\"CBR\" \/> <input name=\"moeda\" type=\"hidden\" value=\"BRL\" \/> <input name=\"item_id\" type=\"hidden\" value=\"EL 010\" \/> <input name=\"item_descr\" type=\"hidden\" value=\"Lapis Easy Labial - 10 Plush Plum\" \/> <input name=\"item_quant\" type=\"hidden\" value=\"1\" \/> <input name=\"item_valor\" type=\"hidden\" value=\"2716\" \/> <input name=\"frete\" type=\"hidden\" value=\"0\" \/> <input name=\"peso\" type=\"hidden\" value=\"0010\" \/> <input alt=\"Pague com PagSeguro - \u00e9 r\u00e1pido, gr\u00e1tis e seguro!\" name=\"submit\" src=\"https:\/\/pagseguro.uol.com.br\/Security\/Imagens\/btnComprar.jpg\" type=\"image\" \/><\/form>\n<p>&nbsp;<\/p>\n","protected":false},"featured_media":2126,"comment_status":"open","ping_status":"closed","template":"","meta":[],"product_cat":[94],"product_tag":[26,95],"yoast_head":"<!-- This site is optimized with the Yoast SEO plugin v20.13 - https:\/\/yoast.com\/wordpress\/plugins\/seo\/ -->\n<title>L\u00e1pis Easy para L\u00e1bios EL - L\u00e1bios - 010 Plush Plum - Jordana Cosm\u00e9ticos no Brasil<\/title>\n<meta name=\"robots\" content=\"index, follow, max-snippet:-1, max-image-preview:large, max-video-preview:-1\" \/>\n<link rel=\"canonical\" href=\"https:\/\/www.jordanacosmeticos.com.br\/loja\/produto\/lapis-easy-para-labios-el-labios-010-plush-plum\/\" \/>\n<meta property=\"og:locale\" content=\"pt_BR\" \/>\n<meta property=\"og:type\" content=\"article\" \/>\n<meta property=\"og:title\" content=\"L\u00e1pis Easy para L\u00e1bios EL - L\u00e1bios - 010 Plush Plum - Jordana Cosm\u00e9ticos no Brasil\" \/>\n<meta property=\"og:description\" content=\"&nbsp;       &nbsp;\" \/>\n<meta property=\"og:url\" content=\"https:\/\/www.jordanacosmeticos.com.br\/loja\/produto\/lapis-easy-para-labios-el-labios-010-plush-plum\/\" \/>\n<meta property=\"og:site_name\" content=\"Jordana Cosm\u00e9ticos no Brasil\" \/>\n<meta property=\"article:modified_time\" content=\"2024-06-11T20:35:22+00:00\" \/>\n<meta property=\"og:image\" content=\"https:\/\/www.jordanacosmeticos.com.br\/loja\/wp-content\/uploads\/2019\/08\/010-Plush-Plum.jpg\" \/>\n\t<meta property=\"og:image:width\" content=\"350\" \/>\n\t<meta property=\"og:image:height\" content=\"350\" \/>\n\t<meta property=\"og:image:type\" content=\"image\/jpeg\" \/>\n<meta name=\"twitter:card\" content=\"summary_large_image\" \/>\n<meta name=\"twitter:label1\" content=\"Est. tempo de leitura\" \/>\n\t<meta name=\"twitter:data1\" content=\"1 minuto\" \/>\n<script type=\"application\/ld+json\" class=\"yoast-schema-graph\">{\"@context\":\"https:\/\/schema.org\",\"@graph\":[{\"@type\":\"WebPage\",\"@id\":\"https:\/\/www.jordanacosmeticos.com.br\/loja\/produto\/lapis-easy-para-labios-el-labios-010-plush-plum\/\",\"url\":\"https:\/\/www.jordanacosmeticos.com.br\/loja\/produto\/lapis-easy-para-labios-el-labios-010-plush-plum\/\",\"name\":\"L\u00e1pis Easy para L\u00e1bios EL - L\u00e1bios - 010 Plush Plum - Jordana Cosm\u00e9ticos no Brasil\",\"isPartOf\":{\"@id\":\"https:\/\/www.jordanacosmeticos.com.br\/loja\/#website\"},\"datePublished\":\"2019-07-10T14:54:50+00:00\",\"dateModified\":\"2024-06-11T20:35:22+00:00\",\"breadcrumb\":{\"@id\":\"https:\/\/www.jordanacosmeticos.com.br\/loja\/produto\/lapis-easy-para-labios-el-labios-010-plush-plum\/#breadcrumb\"},\"inLanguage\":\"pt-BR\",\"potentialAction\":[{\"@type\":\"ReadAction\",\"target\":[\"https:\/\/www.jordanacosmeticos.com.br\/loja\/produto\/lapis-easy-para-labios-el-labios-010-plush-plum\/\"]}]},{\"@type\":\"BreadcrumbList\",\"@id\":\"https:\/\/www.jordanacosmeticos.com.br\/loja\/produto\/lapis-easy-para-labios-el-labios-010-plush-plum\/#breadcrumb\",\"itemListElement\":[{\"@type\":\"ListItem\",\"position\":1,\"name\":\"In\u00edcio\",\"item\":\"https:\/\/www.jordanacosmeticos.com.br\/loja\/\"},{\"@type\":\"ListItem\",\"position\":2,\"name\":\"Loja\",\"item\":\"https:\/\/www.jordanacosmeticos.com.br\/loja\/loja\/\"},{\"@type\":\"ListItem\",\"position\":3,\"name\":\"L\u00e1pis Easy para L\u00e1bios EL &#8211; L\u00e1bios &#8211; 010 Plush Plum\"}]},{\"@type\":\"WebSite\",\"@id\":\"https:\/\/www.jordanacosmeticos.com.br\/loja\/#website\",\"url\":\"https:\/\/www.jordanacosmeticos.com.br\/loja\/\",\"name\":\"Jordana Cosm\u00e9ticos no Brasil\",\"description\":\"\",\"publisher\":{\"@id\":\"https:\/\/www.jordanacosmeticos.com.br\/loja\/#organization\"},\"potentialAction\":[{\"@type\":\"SearchAction\",\"target\":{\"@type\":\"EntryPoint\",\"urlTemplate\":\"https:\/\/www.jordanacosmeticos.com.br\/loja\/?s={search_term_string}\"},\"query-input\":\"required name=search_term_string\"}],\"inLanguage\":\"pt-BR\"},{\"@type\":\"Organization\",\"@id\":\"https:\/\/www.jordanacosmeticos.com.br\/loja\/#organization\",\"name\":\"Jordana Cosm\u00e9ticos no Brasil\",\"url\":\"https:\/\/www.jordanacosmeticos.com.br\/loja\/\",\"logo\":{\"@type\":\"ImageObject\",\"inLanguage\":\"pt-BR\",\"@id\":\"https:\/\/www.jordanacosmeticos.com.br\/loja\/#\/schema\/logo\/image\/\",\"url\":\"https:\/\/www.jordanacosmeticos.com.br\/loja\/wp-content\/uploads\/2019\/06\/logo-wpb.fw_.png\",\"contentUrl\":\"https:\/\/www.jordanacosmeticos.com.br\/loja\/wp-content\/uploads\/2019\/06\/logo-wpb.fw_.png\",\"width\":262,\"height\":243,\"caption\":\"Jordana Cosm\u00e9ticos no Brasil\"},\"image\":{\"@id\":\"https:\/\/www.jordanacosmeticos.com.br\/loja\/#\/schema\/logo\/image\/\"}}]}<\/script>\n<!-- \/ Yoast SEO plugin. -->","yoast_head_json":{"title":"L\u00e1pis Easy para L\u00e1bios EL - L\u00e1bios - 010 Plush Plum - Jordana Cosm\u00e9ticos no Brasil","robots":{"index":"index","follow":"follow","max-snippet":"max-snippet:-1","max-image-preview":"max-image-preview:large","max-video-preview":"max-video-preview:-1"},"canonical":"https:\/\/www.jordanacosmeticos.com.br\/loja\/produto\/lapis-easy-para-labios-el-labios-010-plush-plum\/","og_locale":"pt_BR","og_type":"article","og_title":"L\u00e1pis Easy para L\u00e1bios EL - L\u00e1bios - 010 Plush Plum - Jordana Cosm\u00e9ticos no Brasil","og_description":"&nbsp;       &nbsp;","og_url":"https:\/\/www.jordanacosmeticos.com.br\/loja\/produto\/lapis-easy-para-labios-el-labios-010-plush-plum\/","og_site_name":"Jordana Cosm\u00e9ticos no Brasil","article_modified_time":"2024-06-11T20:35:22+00:00","og_image":[{"width":350,"height":350,"url":"https:\/\/www.jordanacosmeticos.com.br\/loja\/wp-content\/uploads\/2019\/08\/010-Plush-Plum.jpg","type":"image\/jpeg"}],"twitter_card":"summary_large_image","twitter_misc":{"Est. tempo de leitura":"1 minuto"},"schema":{"@context":"https:\/\/schema.org","@graph":[{"@type":"WebPage","@id":"https:\/\/www.jordanacosmeticos.com.br\/loja\/produto\/lapis-easy-para-labios-el-labios-010-plush-plum\/","url":"https:\/\/www.jordanacosmeticos.com.br\/loja\/produto\/lapis-easy-para-labios-el-labios-010-plush-plum\/","name":"L\u00e1pis Easy para L\u00e1bios EL - L\u00e1bios - 010 Plush Plum - Jordana Cosm\u00e9ticos no Brasil","isPartOf":{"@id":"https:\/\/www.jordanacosmeticos.com.br\/loja\/#website"},"datePublished":"2019-07-10T14:54:50+00:00","dateModified":"2024-06-11T20:35:22+00:00","breadcrumb":{"@id":"https:\/\/www.jordanacosmeticos.com.br\/loja\/produto\/lapis-easy-para-labios-el-labios-010-plush-plum\/#breadcrumb"},"inLanguage":"pt-BR","potentialAction":[{"@type":"ReadAction","target":["https:\/\/www.jordanacosmeticos.com.br\/loja\/produto\/lapis-easy-para-labios-el-labios-010-plush-plum\/"]}]},{"@type":"BreadcrumbList","@id":"https:\/\/www.jordanacosmeticos.com.br\/loja\/produto\/lapis-easy-para-labios-el-labios-010-plush-plum\/#breadcrumb","itemListElement":[{"@type":"ListItem","position":1,"name":"In\u00edcio","item":"https:\/\/www.jordanacosmeticos.com.br\/loja\/"},{"@type":"ListItem","position":2,"name":"Loja","item":"https:\/\/www.jordanacosmeticos.com.br\/loja\/loja\/"},{"@type":"ListItem","position":3,"name":"L\u00e1pis Easy para L\u00e1bios EL &#8211; L\u00e1bios &#8211; 010 Plush Plum"}]},{"@type":"WebSite","@id":"https:\/\/www.jordanacosmeticos.com.br\/loja\/#website","url":"https:\/\/www.jordanacosmeticos.com.br\/loja\/","name":"Jordana Cosm\u00e9ticos no Brasil","description":"","publisher":{"@id":"https:\/\/www.jordanacosmeticos.com.br\/loja\/#organization"},"potentialAction":[{"@type":"SearchAction","target":{"@type":"EntryPoint","urlTemplate":"https:\/\/www.jordanacosmeticos.com.br\/loja\/?s={search_term_string}"},"query-input":"required name=search_term_string"}],"inLanguage":"pt-BR"},{"@type":"Organization","@id":"https:\/\/www.jordanacosmeticos.com.br\/loja\/#organization","name":"Jordana Cosm\u00e9ticos no Brasil","url":"https:\/\/www.jordanacosmeticos.com.br\/loja\/","logo":{"@type":"ImageObject","inLanguage":"pt-BR","@id":"https:\/\/www.jordanacosmeticos.com.br\/loja\/#\/schema\/logo\/image\/","url":"https:\/\/www.jordanacosmeticos.com.br\/loja\/wp-content\/uploads\/2019\/06\/logo-wpb.fw_.png","contentUrl":"https:\/\/www.jordanacosmeticos.com.br\/loja\/wp-content\/uploads\/2019\/06\/logo-wpb.fw_.png","width":262,"height":243,"caption":"Jordana Cosm\u00e9ticos no Brasil"},"image":{"@id":"https:\/\/www.jordanacosmeticos.com.br\/loja\/#\/schema\/logo\/image\/"}}]}},"_links":{"self":[{"href":"https:\/\/www.jordanacosmeticos.com.br\/loja\/wp-json\/wp\/v2\/product\/535"}],"collection":[{"href":"https:\/\/www.jordanacosmeticos.com.br\/loja\/wp-json\/wp\/v2\/product"}],"about":[{"href":"https:\/\/www.jordanacosmeticos.com.br\/loja\/wp-json\/wp\/v2\/types\/product"}],"replies":[{"embeddable":true,"href":"https:\/\/www.jordanacosmeticos.com.br\/loja\/wp-json\/wp\/v2\/comments?post=535"}],"wp:featuredmedia":[{"embeddable":true,"href":"https:\/\/www.jordanacosmeticos.com.br\/loja\/wp-json\/wp\/v2\/media\/2126"}],"wp:attachment":[{"href":"https:\/\/www.jordanacosmeticos.com.br\/loja\/wp-json\/wp\/v2\/media?parent=535"}],"wp:term":[{"taxonomy":"product_cat","embeddable":true,"href":"https:\/\/www.jordanacosmeticos.com.br\/loja\/wp-json\/wp\/v2\/product_cat?post=535"},{"taxonomy":"product_tag","embeddable":true,"href":"https:\/\/www.jordanacosmeticos.com.br\/loja\/wp-json\/wp\/v2\/product_tag?post=535"}],"curies":[{"name":"wp","href":"https:\/\/api.w.org\/{rel}","templated":true}]}}