{"id":511,"date":"2019-07-09T17:10:16","date_gmt":"2019-07-09T20:10:16","guid":{"rendered":"http:\/\/www.jordanacosmeticos.com.br\/loja2\/?post_type=product&#038;p=511"},"modified":"2023-09-01T13:12:06","modified_gmt":"2023-09-01T16:12:06","slug":"lapis-7-labios-lex-labios-040-spice","status":"publish","type":"product","link":"https:\/\/www.jordanacosmeticos.com.br\/loja\/produto\/lapis-7-labios-lex-labios-040-spice\/","title":{"rendered":"L\u00e1pis 7 L\u00e1bios LEX &#8211; L\u00e1bios &#8211; 040 Spice"},"content":{"rendered":"<p><b>L\u00e1pis 7 L\u00e1bios LEX &#8211; L\u00e1bios &#8211; 040 Spice<\/b><\/p>\n<p><b>A melhor forma de delinear os l\u00e1bios<\/b><\/p>\n<p><b>F\u00e1cil aplica\u00e7\u00e3o<\/b><\/p>\n<p><b>N\u00e3o deixa o batom escorrer para fora dos l\u00e1bios<\/b><\/p>\n<p><b>Peso: 10 g<\/b><\/p>\n<p><img decoding=\"async\" class=\"alignnone wp-image-3391\" src=\"https:\/\/www.jordanacosmeticos.com.br\/loja\/wp-content\/uploads\/2019\/07\/L\u00e1pis-7-L\u00e1bios-LEX-\u2013-L\u00e1bios-\u2013-040-Spicecor.jpg\" alt=\"\" width=\"65\" height=\"63\" \/><\/p>\n","protected":false},"excerpt":{"rendered":"<p>L\u00e1pis 7 L\u00e1bios LEX &#8211; L\u00e1bios &#8211; 040 Spice A melhor forma de delinear os l\u00e1bios F\u00e1cil aplica\u00e7\u00e3o N\u00e3o deixa o batom escorrer para fora dos l\u00e1bios Peso: 10 g<\/p>\n","protected":false},"featured_media":3651,"comment_status":"open","ping_status":"closed","template":"","meta":[],"product_cat":[90],"product_tag":[26,91],"yoast_head":"<!-- This site is optimized with the Yoast SEO plugin v20.13 - https:\/\/yoast.com\/wordpress\/plugins\/seo\/ -->\n<title>L\u00e1pis 7 L\u00e1bios LEX - L\u00e1bios - 040 Spice - Jordana Cosm\u00e9ticos no Brasil<\/title>\n<meta name=\"description\" content=\"L\u00e1pis 7 L\u00e1bios LEX da Jordana: Sete tons incr\u00edveis para l\u00e1bios deslumbrantes! Versatilidade e praticidade. Transforme seu sorriso com cores vibrantes!\" \/>\n<meta name=\"robots\" content=\"index, follow, max-snippet:-1, max-image-preview:large, max-video-preview:-1\" \/>\n<link rel=\"canonical\" href=\"https:\/\/www.jordanacosmeticos.com.br\/loja\/produto\/lapis-7-labios-lex-labios-040-spice\/\" \/>\n<meta property=\"og:locale\" content=\"pt_BR\" \/>\n<meta property=\"og:type\" content=\"article\" \/>\n<meta property=\"og:title\" content=\"L\u00e1pis 7 L\u00e1bios LEX - L\u00e1bios - 040 Spice - Jordana Cosm\u00e9ticos no Brasil\" \/>\n<meta property=\"og:description\" content=\"L\u00e1pis 7 L\u00e1bios LEX da Jordana: Sete tons incr\u00edveis para l\u00e1bios deslumbrantes! Versatilidade e praticidade. Transforme seu sorriso com cores vibrantes!\" \/>\n<meta property=\"og:url\" content=\"https:\/\/www.jordanacosmeticos.com.br\/loja\/produto\/lapis-7-labios-lex-labios-040-spice\/\" \/>\n<meta property=\"og:site_name\" content=\"Jordana Cosm\u00e9ticos no Brasil\" \/>\n<meta property=\"article:modified_time\" content=\"2023-09-01T16:12:06+00:00\" \/>\n<meta property=\"og:image\" content=\"https:\/\/www.jordanacosmeticos.com.br\/loja\/wp-content\/uploads\/2019\/07\/L\u00e1pis-7-L\u00e1bios-LEX-\u2013-L\u00e1bios-\u2013-040-Spice-3.jpg\" \/>\n\t<meta property=\"og:image:width\" content=\"655\" \/>\n\t<meta property=\"og:image:height\" content=\"1500\" \/>\n\t<meta property=\"og:image:type\" content=\"image\/jpeg\" \/>\n<meta name=\"twitter:card\" content=\"summary_large_image\" \/>\n<meta name=\"twitter:label1\" content=\"Est. tempo de leitura\" \/>\n\t<meta name=\"twitter:data1\" content=\"1 minuto\" \/>\n<script type=\"application\/ld+json\" class=\"yoast-schema-graph\">{\"@context\":\"https:\/\/schema.org\",\"@graph\":[{\"@type\":\"WebPage\",\"@id\":\"https:\/\/www.jordanacosmeticos.com.br\/loja\/produto\/lapis-7-labios-lex-labios-040-spice\/\",\"url\":\"https:\/\/www.jordanacosmeticos.com.br\/loja\/produto\/lapis-7-labios-lex-labios-040-spice\/\",\"name\":\"L\u00e1pis 7 L\u00e1bios LEX - L\u00e1bios - 040 Spice - Jordana Cosm\u00e9ticos no Brasil\",\"isPartOf\":{\"@id\":\"https:\/\/www.jordanacosmeticos.com.br\/loja\/#website\"},\"datePublished\":\"2019-07-09T20:10:16+00:00\",\"dateModified\":\"2023-09-01T16:12:06+00:00\",\"description\":\"L\u00e1pis 7 L\u00e1bios LEX da Jordana: Sete tons incr\u00edveis para l\u00e1bios deslumbrantes! Versatilidade e praticidade. Transforme seu sorriso com cores vibrantes!\",\"breadcrumb\":{\"@id\":\"https:\/\/www.jordanacosmeticos.com.br\/loja\/produto\/lapis-7-labios-lex-labios-040-spice\/#breadcrumb\"},\"inLanguage\":\"pt-BR\",\"potentialAction\":[{\"@type\":\"ReadAction\",\"target\":[\"https:\/\/www.jordanacosmeticos.com.br\/loja\/produto\/lapis-7-labios-lex-labios-040-spice\/\"]}]},{\"@type\":\"BreadcrumbList\",\"@id\":\"https:\/\/www.jordanacosmeticos.com.br\/loja\/produto\/lapis-7-labios-lex-labios-040-spice\/#breadcrumb\",\"itemListElement\":[{\"@type\":\"ListItem\",\"position\":1,\"name\":\"In\u00edcio\",\"item\":\"https:\/\/www.jordanacosmeticos.com.br\/loja\/\"},{\"@type\":\"ListItem\",\"position\":2,\"name\":\"Loja\",\"item\":\"https:\/\/www.jordanacosmeticos.com.br\/loja\/loja\/\"},{\"@type\":\"ListItem\",\"position\":3,\"name\":\"L\u00e1pis 7 L\u00e1bios LEX &#8211; L\u00e1bios &#8211; 040 Spice\"}]},{\"@type\":\"WebSite\",\"@id\":\"https:\/\/www.jordanacosmeticos.com.br\/loja\/#website\",\"url\":\"https:\/\/www.jordanacosmeticos.com.br\/loja\/\",\"name\":\"Jordana Cosm\u00e9ticos no Brasil\",\"description\":\"\",\"publisher\":{\"@id\":\"https:\/\/www.jordanacosmeticos.com.br\/loja\/#organization\"},\"potentialAction\":[{\"@type\":\"SearchAction\",\"target\":{\"@type\":\"EntryPoint\",\"urlTemplate\":\"https:\/\/www.jordanacosmeticos.com.br\/loja\/?s={search_term_string}\"},\"query-input\":\"required name=search_term_string\"}],\"inLanguage\":\"pt-BR\"},{\"@type\":\"Organization\",\"@id\":\"https:\/\/www.jordanacosmeticos.com.br\/loja\/#organization\",\"name\":\"Jordana Cosm\u00e9ticos no Brasil\",\"url\":\"https:\/\/www.jordanacosmeticos.com.br\/loja\/\",\"logo\":{\"@type\":\"ImageObject\",\"inLanguage\":\"pt-BR\",\"@id\":\"https:\/\/www.jordanacosmeticos.com.br\/loja\/#\/schema\/logo\/image\/\",\"url\":\"https:\/\/www.jordanacosmeticos.com.br\/loja\/wp-content\/uploads\/2019\/06\/logo-wpb.fw_.png\",\"contentUrl\":\"https:\/\/www.jordanacosmeticos.com.br\/loja\/wp-content\/uploads\/2019\/06\/logo-wpb.fw_.png\",\"width\":262,\"height\":243,\"caption\":\"Jordana Cosm\u00e9ticos no Brasil\"},\"image\":{\"@id\":\"https:\/\/www.jordanacosmeticos.com.br\/loja\/#\/schema\/logo\/image\/\"}}]}<\/script>\n<!-- \/ Yoast SEO plugin. -->","yoast_head_json":{"title":"L\u00e1pis 7 L\u00e1bios LEX - L\u00e1bios - 040 Spice - Jordana Cosm\u00e9ticos no Brasil","description":"L\u00e1pis 7 L\u00e1bios LEX da Jordana: Sete tons incr\u00edveis para l\u00e1bios deslumbrantes! Versatilidade e praticidade. Transforme seu sorriso com cores vibrantes!","robots":{"index":"index","follow":"follow","max-snippet":"max-snippet:-1","max-image-preview":"max-image-preview:large","max-video-preview":"max-video-preview:-1"},"canonical":"https:\/\/www.jordanacosmeticos.com.br\/loja\/produto\/lapis-7-labios-lex-labios-040-spice\/","og_locale":"pt_BR","og_type":"article","og_title":"L\u00e1pis 7 L\u00e1bios LEX - L\u00e1bios - 040 Spice - Jordana Cosm\u00e9ticos no Brasil","og_description":"L\u00e1pis 7 L\u00e1bios LEX da Jordana: Sete tons incr\u00edveis para l\u00e1bios deslumbrantes! Versatilidade e praticidade. Transforme seu sorriso com cores vibrantes!","og_url":"https:\/\/www.jordanacosmeticos.com.br\/loja\/produto\/lapis-7-labios-lex-labios-040-spice\/","og_site_name":"Jordana Cosm\u00e9ticos no Brasil","article_modified_time":"2023-09-01T16:12:06+00:00","og_image":[{"width":655,"height":1500,"url":"https:\/\/www.jordanacosmeticos.com.br\/loja\/wp-content\/uploads\/2019\/07\/L\u00e1pis-7-L\u00e1bios-LEX-\u2013-L\u00e1bios-\u2013-040-Spice-3.jpg","type":"image\/jpeg"}],"twitter_card":"summary_large_image","twitter_misc":{"Est. tempo de leitura":"1 minuto"},"schema":{"@context":"https:\/\/schema.org","@graph":[{"@type":"WebPage","@id":"https:\/\/www.jordanacosmeticos.com.br\/loja\/produto\/lapis-7-labios-lex-labios-040-spice\/","url":"https:\/\/www.jordanacosmeticos.com.br\/loja\/produto\/lapis-7-labios-lex-labios-040-spice\/","name":"L\u00e1pis 7 L\u00e1bios LEX - L\u00e1bios - 040 Spice - Jordana Cosm\u00e9ticos no Brasil","isPartOf":{"@id":"https:\/\/www.jordanacosmeticos.com.br\/loja\/#website"},"datePublished":"2019-07-09T20:10:16+00:00","dateModified":"2023-09-01T16:12:06+00:00","description":"L\u00e1pis 7 L\u00e1bios LEX da Jordana: Sete tons incr\u00edveis para l\u00e1bios deslumbrantes! Versatilidade e praticidade. Transforme seu sorriso com cores vibrantes!","breadcrumb":{"@id":"https:\/\/www.jordanacosmeticos.com.br\/loja\/produto\/lapis-7-labios-lex-labios-040-spice\/#breadcrumb"},"inLanguage":"pt-BR","potentialAction":[{"@type":"ReadAction","target":["https:\/\/www.jordanacosmeticos.com.br\/loja\/produto\/lapis-7-labios-lex-labios-040-spice\/"]}]},{"@type":"BreadcrumbList","@id":"https:\/\/www.jordanacosmeticos.com.br\/loja\/produto\/lapis-7-labios-lex-labios-040-spice\/#breadcrumb","itemListElement":[{"@type":"ListItem","position":1,"name":"In\u00edcio","item":"https:\/\/www.jordanacosmeticos.com.br\/loja\/"},{"@type":"ListItem","position":2,"name":"Loja","item":"https:\/\/www.jordanacosmeticos.com.br\/loja\/loja\/"},{"@type":"ListItem","position":3,"name":"L\u00e1pis 7 L\u00e1bios LEX &#8211; L\u00e1bios &#8211; 040 Spice"}]},{"@type":"WebSite","@id":"https:\/\/www.jordanacosmeticos.com.br\/loja\/#website","url":"https:\/\/www.jordanacosmeticos.com.br\/loja\/","name":"Jordana Cosm\u00e9ticos no Brasil","description":"","publisher":{"@id":"https:\/\/www.jordanacosmeticos.com.br\/loja\/#organization"},"potentialAction":[{"@type":"SearchAction","target":{"@type":"EntryPoint","urlTemplate":"https:\/\/www.jordanacosmeticos.com.br\/loja\/?s={search_term_string}"},"query-input":"required name=search_term_string"}],"inLanguage":"pt-BR"},{"@type":"Organization","@id":"https:\/\/www.jordanacosmeticos.com.br\/loja\/#organization","name":"Jordana Cosm\u00e9ticos no Brasil","url":"https:\/\/www.jordanacosmeticos.com.br\/loja\/","logo":{"@type":"ImageObject","inLanguage":"pt-BR","@id":"https:\/\/www.jordanacosmeticos.com.br\/loja\/#\/schema\/logo\/image\/","url":"https:\/\/www.jordanacosmeticos.com.br\/loja\/wp-content\/uploads\/2019\/06\/logo-wpb.fw_.png","contentUrl":"https:\/\/www.jordanacosmeticos.com.br\/loja\/wp-content\/uploads\/2019\/06\/logo-wpb.fw_.png","width":262,"height":243,"caption":"Jordana Cosm\u00e9ticos no Brasil"},"image":{"@id":"https:\/\/www.jordanacosmeticos.com.br\/loja\/#\/schema\/logo\/image\/"}}]}},"_links":{"self":[{"href":"https:\/\/www.jordanacosmeticos.com.br\/loja\/wp-json\/wp\/v2\/product\/511"}],"collection":[{"href":"https:\/\/www.jordanacosmeticos.com.br\/loja\/wp-json\/wp\/v2\/product"}],"about":[{"href":"https:\/\/www.jordanacosmeticos.com.br\/loja\/wp-json\/wp\/v2\/types\/product"}],"replies":[{"embeddable":true,"href":"https:\/\/www.jordanacosmeticos.com.br\/loja\/wp-json\/wp\/v2\/comments?post=511"}],"wp:featuredmedia":[{"embeddable":true,"href":"https:\/\/www.jordanacosmeticos.com.br\/loja\/wp-json\/wp\/v2\/media\/3651"}],"wp:attachment":[{"href":"https:\/\/www.jordanacosmeticos.com.br\/loja\/wp-json\/wp\/v2\/media?parent=511"}],"wp:term":[{"taxonomy":"product_cat","embeddable":true,"href":"https:\/\/www.jordanacosmeticos.com.br\/loja\/wp-json\/wp\/v2\/product_cat?post=511"},{"taxonomy":"product_tag","embeddable":true,"href":"https:\/\/www.jordanacosmeticos.com.br\/loja\/wp-json\/wp\/v2\/product_tag?post=511"}],"curies":[{"name":"wp","href":"https:\/\/api.w.org\/{rel}","templated":true}]}}