{"id":463,"date":"2019-07-08T13:57:03","date_gmt":"2019-07-08T16:57:03","guid":{"rendered":"http:\/\/www.jordanacosmeticos.com.br\/loja2\/?post_type=product&#038;p=463"},"modified":"2023-09-01T13:20:22","modified_gmt":"2023-09-01T16:20:22","slug":"sombra-single-ces-olhos-291-smoke","status":"publish","type":"product","link":"https:\/\/www.jordanacosmeticos.com.br\/loja\/produto\/sombra-single-ces-olhos-291-smoke\/","title":{"rendered":"Sombra Single CES &#8211; Olhos &#8211; 291 Smoke"},"content":{"rendered":"<p><b>Sombra Single CES &#8211; Olhos &#8211; 291 Smoke<\/b><\/p>\n<p><b>Cores deslumbrantes<\/b><\/p>\n<p><b>Aplica\u00e7\u00e3o macia, como a seda.<\/b><\/p>\n<p><b>Peso: 30 g<\/b><\/p>\n","protected":false},"excerpt":{"rendered":"<p>Sombra Single CES &#8211; Olhos &#8211; 291 Smoke Cores deslumbrantes Aplica\u00e7\u00e3o macia, como a seda. Peso: 30 g<\/p>\n","protected":false},"featured_media":2559,"comment_status":"open","ping_status":"closed","template":"","meta":[],"product_cat":[78],"product_tag":[44,79],"yoast_head":"<!-- This site is optimized with the Yoast SEO plugin v20.13 - https:\/\/yoast.com\/wordpress\/plugins\/seo\/ -->\n<title>Sombra Single CES - Olhos - 291 Smoke - Jordana Cosm\u00e9ticos no Brasil<\/title>\n<meta name=\"description\" content=\"Sombra Single CES da Jordana: Pigmenta\u00e7\u00e3o rica em uma \u00fanica cor! Aplica\u00e7\u00e3o suave, blend perfeito. Destaque seu olhar com cores vibrantes !\" \/>\n<meta name=\"robots\" content=\"index, follow, max-snippet:-1, max-image-preview:large, max-video-preview:-1\" \/>\n<link rel=\"canonical\" href=\"https:\/\/www.jordanacosmeticos.com.br\/loja\/produto\/sombra-single-ces-olhos-291-smoke\/\" \/>\n<meta property=\"og:locale\" content=\"pt_BR\" \/>\n<meta property=\"og:type\" content=\"article\" \/>\n<meta property=\"og:title\" content=\"Sombra Single CES - Olhos - 291 Smoke - Jordana Cosm\u00e9ticos no Brasil\" \/>\n<meta property=\"og:description\" content=\"Sombra Single CES da Jordana: Pigmenta\u00e7\u00e3o rica em uma \u00fanica cor! Aplica\u00e7\u00e3o suave, blend perfeito. Destaque seu olhar com cores vibrantes !\" \/>\n<meta property=\"og:url\" content=\"https:\/\/www.jordanacosmeticos.com.br\/loja\/produto\/sombra-single-ces-olhos-291-smoke\/\" \/>\n<meta property=\"og:site_name\" content=\"Jordana Cosm\u00e9ticos no Brasil\" \/>\n<meta property=\"article:modified_time\" content=\"2023-09-01T16:20:22+00:00\" \/>\n<meta property=\"og:image\" content=\"https:\/\/www.jordanacosmeticos.com.br\/loja\/wp-content\/uploads\/2019\/07\/291-Smoke-.jpg\" \/>\n\t<meta property=\"og:image:width\" content=\"350\" \/>\n\t<meta property=\"og:image:height\" content=\"350\" \/>\n\t<meta property=\"og:image:type\" content=\"image\/jpeg\" \/>\n<meta name=\"twitter:card\" content=\"summary_large_image\" \/>\n<meta name=\"twitter:label1\" content=\"Est. tempo de leitura\" \/>\n\t<meta name=\"twitter:data1\" content=\"1 minuto\" \/>\n<script type=\"application\/ld+json\" class=\"yoast-schema-graph\">{\"@context\":\"https:\/\/schema.org\",\"@graph\":[{\"@type\":\"WebPage\",\"@id\":\"https:\/\/www.jordanacosmeticos.com.br\/loja\/produto\/sombra-single-ces-olhos-291-smoke\/\",\"url\":\"https:\/\/www.jordanacosmeticos.com.br\/loja\/produto\/sombra-single-ces-olhos-291-smoke\/\",\"name\":\"Sombra Single CES - Olhos - 291 Smoke - Jordana Cosm\u00e9ticos no Brasil\",\"isPartOf\":{\"@id\":\"https:\/\/www.jordanacosmeticos.com.br\/loja\/#website\"},\"datePublished\":\"2019-07-08T16:57:03+00:00\",\"dateModified\":\"2023-09-01T16:20:22+00:00\",\"description\":\"Sombra Single CES da Jordana: Pigmenta\u00e7\u00e3o rica em uma \u00fanica cor! Aplica\u00e7\u00e3o suave, blend perfeito. Destaque seu olhar com cores vibrantes !\",\"breadcrumb\":{\"@id\":\"https:\/\/www.jordanacosmeticos.com.br\/loja\/produto\/sombra-single-ces-olhos-291-smoke\/#breadcrumb\"},\"inLanguage\":\"pt-BR\",\"potentialAction\":[{\"@type\":\"ReadAction\",\"target\":[\"https:\/\/www.jordanacosmeticos.com.br\/loja\/produto\/sombra-single-ces-olhos-291-smoke\/\"]}]},{\"@type\":\"BreadcrumbList\",\"@id\":\"https:\/\/www.jordanacosmeticos.com.br\/loja\/produto\/sombra-single-ces-olhos-291-smoke\/#breadcrumb\",\"itemListElement\":[{\"@type\":\"ListItem\",\"position\":1,\"name\":\"In\u00edcio\",\"item\":\"https:\/\/www.jordanacosmeticos.com.br\/loja\/\"},{\"@type\":\"ListItem\",\"position\":2,\"name\":\"Loja\",\"item\":\"https:\/\/www.jordanacosmeticos.com.br\/loja\/loja\/\"},{\"@type\":\"ListItem\",\"position\":3,\"name\":\"Sombra Single CES &#8211; Olhos &#8211; 291 Smoke\"}]},{\"@type\":\"WebSite\",\"@id\":\"https:\/\/www.jordanacosmeticos.com.br\/loja\/#website\",\"url\":\"https:\/\/www.jordanacosmeticos.com.br\/loja\/\",\"name\":\"Jordana Cosm\u00e9ticos no Brasil\",\"description\":\"\",\"publisher\":{\"@id\":\"https:\/\/www.jordanacosmeticos.com.br\/loja\/#organization\"},\"potentialAction\":[{\"@type\":\"SearchAction\",\"target\":{\"@type\":\"EntryPoint\",\"urlTemplate\":\"https:\/\/www.jordanacosmeticos.com.br\/loja\/?s={search_term_string}\"},\"query-input\":\"required name=search_term_string\"}],\"inLanguage\":\"pt-BR\"},{\"@type\":\"Organization\",\"@id\":\"https:\/\/www.jordanacosmeticos.com.br\/loja\/#organization\",\"name\":\"Jordana Cosm\u00e9ticos no Brasil\",\"url\":\"https:\/\/www.jordanacosmeticos.com.br\/loja\/\",\"logo\":{\"@type\":\"ImageObject\",\"inLanguage\":\"pt-BR\",\"@id\":\"https:\/\/www.jordanacosmeticos.com.br\/loja\/#\/schema\/logo\/image\/\",\"url\":\"https:\/\/www.jordanacosmeticos.com.br\/loja\/wp-content\/uploads\/2019\/06\/logo-wpb.fw_.png\",\"contentUrl\":\"https:\/\/www.jordanacosmeticos.com.br\/loja\/wp-content\/uploads\/2019\/06\/logo-wpb.fw_.png\",\"width\":262,\"height\":243,\"caption\":\"Jordana Cosm\u00e9ticos no Brasil\"},\"image\":{\"@id\":\"https:\/\/www.jordanacosmeticos.com.br\/loja\/#\/schema\/logo\/image\/\"}}]}<\/script>\n<!-- \/ Yoast SEO plugin. -->","yoast_head_json":{"title":"Sombra Single CES - Olhos - 291 Smoke - Jordana Cosm\u00e9ticos no Brasil","description":"Sombra Single CES da Jordana: Pigmenta\u00e7\u00e3o rica em uma \u00fanica cor! Aplica\u00e7\u00e3o suave, blend perfeito. Destaque seu olhar com cores vibrantes !","robots":{"index":"index","follow":"follow","max-snippet":"max-snippet:-1","max-image-preview":"max-image-preview:large","max-video-preview":"max-video-preview:-1"},"canonical":"https:\/\/www.jordanacosmeticos.com.br\/loja\/produto\/sombra-single-ces-olhos-291-smoke\/","og_locale":"pt_BR","og_type":"article","og_title":"Sombra Single CES - Olhos - 291 Smoke - Jordana Cosm\u00e9ticos no Brasil","og_description":"Sombra Single CES da Jordana: Pigmenta\u00e7\u00e3o rica em uma \u00fanica cor! Aplica\u00e7\u00e3o suave, blend perfeito. Destaque seu olhar com cores vibrantes !","og_url":"https:\/\/www.jordanacosmeticos.com.br\/loja\/produto\/sombra-single-ces-olhos-291-smoke\/","og_site_name":"Jordana Cosm\u00e9ticos no Brasil","article_modified_time":"2023-09-01T16:20:22+00:00","og_image":[{"width":350,"height":350,"url":"https:\/\/www.jordanacosmeticos.com.br\/loja\/wp-content\/uploads\/2019\/07\/291-Smoke-.jpg","type":"image\/jpeg"}],"twitter_card":"summary_large_image","twitter_misc":{"Est. tempo de leitura":"1 minuto"},"schema":{"@context":"https:\/\/schema.org","@graph":[{"@type":"WebPage","@id":"https:\/\/www.jordanacosmeticos.com.br\/loja\/produto\/sombra-single-ces-olhos-291-smoke\/","url":"https:\/\/www.jordanacosmeticos.com.br\/loja\/produto\/sombra-single-ces-olhos-291-smoke\/","name":"Sombra Single CES - Olhos - 291 Smoke - Jordana Cosm\u00e9ticos no Brasil","isPartOf":{"@id":"https:\/\/www.jordanacosmeticos.com.br\/loja\/#website"},"datePublished":"2019-07-08T16:57:03+00:00","dateModified":"2023-09-01T16:20:22+00:00","description":"Sombra Single CES da Jordana: Pigmenta\u00e7\u00e3o rica em uma \u00fanica cor! Aplica\u00e7\u00e3o suave, blend perfeito. Destaque seu olhar com cores vibrantes !","breadcrumb":{"@id":"https:\/\/www.jordanacosmeticos.com.br\/loja\/produto\/sombra-single-ces-olhos-291-smoke\/#breadcrumb"},"inLanguage":"pt-BR","potentialAction":[{"@type":"ReadAction","target":["https:\/\/www.jordanacosmeticos.com.br\/loja\/produto\/sombra-single-ces-olhos-291-smoke\/"]}]},{"@type":"BreadcrumbList","@id":"https:\/\/www.jordanacosmeticos.com.br\/loja\/produto\/sombra-single-ces-olhos-291-smoke\/#breadcrumb","itemListElement":[{"@type":"ListItem","position":1,"name":"In\u00edcio","item":"https:\/\/www.jordanacosmeticos.com.br\/loja\/"},{"@type":"ListItem","position":2,"name":"Loja","item":"https:\/\/www.jordanacosmeticos.com.br\/loja\/loja\/"},{"@type":"ListItem","position":3,"name":"Sombra Single CES &#8211; Olhos &#8211; 291 Smoke"}]},{"@type":"WebSite","@id":"https:\/\/www.jordanacosmeticos.com.br\/loja\/#website","url":"https:\/\/www.jordanacosmeticos.com.br\/loja\/","name":"Jordana Cosm\u00e9ticos no Brasil","description":"","publisher":{"@id":"https:\/\/www.jordanacosmeticos.com.br\/loja\/#organization"},"potentialAction":[{"@type":"SearchAction","target":{"@type":"EntryPoint","urlTemplate":"https:\/\/www.jordanacosmeticos.com.br\/loja\/?s={search_term_string}"},"query-input":"required name=search_term_string"}],"inLanguage":"pt-BR"},{"@type":"Organization","@id":"https:\/\/www.jordanacosmeticos.com.br\/loja\/#organization","name":"Jordana Cosm\u00e9ticos no Brasil","url":"https:\/\/www.jordanacosmeticos.com.br\/loja\/","logo":{"@type":"ImageObject","inLanguage":"pt-BR","@id":"https:\/\/www.jordanacosmeticos.com.br\/loja\/#\/schema\/logo\/image\/","url":"https:\/\/www.jordanacosmeticos.com.br\/loja\/wp-content\/uploads\/2019\/06\/logo-wpb.fw_.png","contentUrl":"https:\/\/www.jordanacosmeticos.com.br\/loja\/wp-content\/uploads\/2019\/06\/logo-wpb.fw_.png","width":262,"height":243,"caption":"Jordana Cosm\u00e9ticos no Brasil"},"image":{"@id":"https:\/\/www.jordanacosmeticos.com.br\/loja\/#\/schema\/logo\/image\/"}}]}},"_links":{"self":[{"href":"https:\/\/www.jordanacosmeticos.com.br\/loja\/wp-json\/wp\/v2\/product\/463"}],"collection":[{"href":"https:\/\/www.jordanacosmeticos.com.br\/loja\/wp-json\/wp\/v2\/product"}],"about":[{"href":"https:\/\/www.jordanacosmeticos.com.br\/loja\/wp-json\/wp\/v2\/types\/product"}],"replies":[{"embeddable":true,"href":"https:\/\/www.jordanacosmeticos.com.br\/loja\/wp-json\/wp\/v2\/comments?post=463"}],"wp:featuredmedia":[{"embeddable":true,"href":"https:\/\/www.jordanacosmeticos.com.br\/loja\/wp-json\/wp\/v2\/media\/2559"}],"wp:attachment":[{"href":"https:\/\/www.jordanacosmeticos.com.br\/loja\/wp-json\/wp\/v2\/media?parent=463"}],"wp:term":[{"taxonomy":"product_cat","embeddable":true,"href":"https:\/\/www.jordanacosmeticos.com.br\/loja\/wp-json\/wp\/v2\/product_cat?post=463"},{"taxonomy":"product_tag","embeddable":true,"href":"https:\/\/www.jordanacosmeticos.com.br\/loja\/wp-json\/wp\/v2\/product_tag?post=463"}],"curies":[{"name":"wp","href":"https:\/\/api.w.org\/{rel}","templated":true}]}}