{"id":308,"date":"2019-07-06T14:10:04","date_gmt":"2019-07-06T17:10:04","guid":{"rendered":"http:\/\/www.jordanacosmeticos.com.br\/loja2\/?post_type=product&#038;p=308"},"modified":"2023-09-01T13:31:39","modified_gmt":"2023-09-01T16:31:39","slug":"lapis-easy-para-olhos-ee-olhos-002-brown-suede","status":"publish","type":"product","link":"https:\/\/www.jordanacosmeticos.com.br\/loja\/produto\/lapis-easy-para-olhos-ee-olhos-002-brown-suede\/","title":{"rendered":"L\u00e1pis Easy para Olhos EE &#8211; Olhos &#8211; 002 Brown Suede"},"content":{"rendered":"<p><b><strong>L\u00e1pis Easy para Olhos EE &#8211; Olhos &#8211; 002 Brown Suede<\/strong><\/b><\/p>\n<p><b><strong>Retr\u00e1til (n\u00e3o \u00e9 necess\u00e1rio apontar)<\/strong><\/b><\/p>\n<p><b><strong>F\u00f3rmula de f\u00e1cil aplica\u00e7\u00e3o, n\u00e3o repuxa a delicada \u00e1rea dos olhos<\/strong><\/b><\/p>\n<p><b><strong>Excelente cobertura<\/strong><\/b><\/p>\n<p><b><strong>Dura o dia todo<\/strong><\/b><\/p>\n<p><b>Peso: 10 g<\/b><\/p>\n","protected":false},"excerpt":{"rendered":"<p>L\u00e1pis Easy para Olhos EE &#8211; Olhos &#8211; 002 Brown Suede Retr\u00e1til (n\u00e3o \u00e9 necess\u00e1rio apontar) F\u00f3rmula de f\u00e1cil aplica\u00e7\u00e3o, n\u00e3o repuxa a delicada \u00e1rea dos olhos Excelente cobertura Dura o dia todo Peso: 10 g<\/p>\n","protected":false},"featured_media":2150,"comment_status":"open","ping_status":"closed","template":"","meta":[],"product_cat":[51],"product_tag":[50,44],"yoast_head":"<!-- This site is optimized with the Yoast SEO plugin v20.13 - https:\/\/yoast.com\/wordpress\/plugins\/seo\/ -->\n<title>L\u00e1pis Easy para Olhos EE - Olhos - 002 Brown Suede - Jordana Cosm\u00e9ticos no Brasil<\/title>\n<meta name=\"description\" content=\"L\u00e1pis Easy para Olhos EE da Jordana: Aplica\u00e7\u00e3o descomplicada, resultado deslumbrante! Deslize f\u00e1cil, cor intensa. Realce seu olhar com facilidade!\" \/>\n<meta name=\"robots\" content=\"index, follow, max-snippet:-1, max-image-preview:large, max-video-preview:-1\" \/>\n<link rel=\"canonical\" href=\"https:\/\/www.jordanacosmeticos.com.br\/loja\/produto\/lapis-easy-para-olhos-ee-olhos-002-brown-suede\/\" \/>\n<meta property=\"og:locale\" content=\"pt_BR\" \/>\n<meta property=\"og:type\" content=\"article\" \/>\n<meta property=\"og:title\" content=\"L\u00e1pis Easy para Olhos EE - Olhos - 002 Brown Suede - Jordana Cosm\u00e9ticos no Brasil\" \/>\n<meta property=\"og:description\" content=\"L\u00e1pis Easy para Olhos EE da Jordana: Aplica\u00e7\u00e3o descomplicada, resultado deslumbrante! Deslize f\u00e1cil, cor intensa. Realce seu olhar com facilidade!\" \/>\n<meta property=\"og:url\" content=\"https:\/\/www.jordanacosmeticos.com.br\/loja\/produto\/lapis-easy-para-olhos-ee-olhos-002-brown-suede\/\" \/>\n<meta property=\"og:site_name\" content=\"Jordana Cosm\u00e9ticos no Brasil\" \/>\n<meta property=\"article:modified_time\" content=\"2023-09-01T16:31:39+00:00\" \/>\n<meta property=\"og:image\" content=\"https:\/\/www.jordanacosmeticos.com.br\/loja\/wp-content\/uploads\/2019\/08\/002-Brown-Suede.jpg\" \/>\n\t<meta property=\"og:image:width\" content=\"350\" \/>\n\t<meta property=\"og:image:height\" content=\"350\" \/>\n\t<meta property=\"og:image:type\" content=\"image\/jpeg\" \/>\n<meta name=\"twitter:card\" content=\"summary_large_image\" \/>\n<meta name=\"twitter:label1\" content=\"Est. tempo de leitura\" \/>\n\t<meta name=\"twitter:data1\" content=\"1 minuto\" \/>\n<script type=\"application\/ld+json\" class=\"yoast-schema-graph\">{\"@context\":\"https:\/\/schema.org\",\"@graph\":[{\"@type\":\"WebPage\",\"@id\":\"https:\/\/www.jordanacosmeticos.com.br\/loja\/produto\/lapis-easy-para-olhos-ee-olhos-002-brown-suede\/\",\"url\":\"https:\/\/www.jordanacosmeticos.com.br\/loja\/produto\/lapis-easy-para-olhos-ee-olhos-002-brown-suede\/\",\"name\":\"L\u00e1pis Easy para Olhos EE - Olhos - 002 Brown Suede - Jordana Cosm\u00e9ticos no Brasil\",\"isPartOf\":{\"@id\":\"https:\/\/www.jordanacosmeticos.com.br\/loja\/#website\"},\"datePublished\":\"2019-07-06T17:10:04+00:00\",\"dateModified\":\"2023-09-01T16:31:39+00:00\",\"description\":\"L\u00e1pis Easy para Olhos EE da Jordana: Aplica\u00e7\u00e3o descomplicada, resultado deslumbrante! Deslize f\u00e1cil, cor intensa. Realce seu olhar com facilidade!\",\"breadcrumb\":{\"@id\":\"https:\/\/www.jordanacosmeticos.com.br\/loja\/produto\/lapis-easy-para-olhos-ee-olhos-002-brown-suede\/#breadcrumb\"},\"inLanguage\":\"pt-BR\",\"potentialAction\":[{\"@type\":\"ReadAction\",\"target\":[\"https:\/\/www.jordanacosmeticos.com.br\/loja\/produto\/lapis-easy-para-olhos-ee-olhos-002-brown-suede\/\"]}]},{\"@type\":\"BreadcrumbList\",\"@id\":\"https:\/\/www.jordanacosmeticos.com.br\/loja\/produto\/lapis-easy-para-olhos-ee-olhos-002-brown-suede\/#breadcrumb\",\"itemListElement\":[{\"@type\":\"ListItem\",\"position\":1,\"name\":\"In\u00edcio\",\"item\":\"https:\/\/www.jordanacosmeticos.com.br\/loja\/\"},{\"@type\":\"ListItem\",\"position\":2,\"name\":\"Loja\",\"item\":\"https:\/\/www.jordanacosmeticos.com.br\/loja\/loja\/\"},{\"@type\":\"ListItem\",\"position\":3,\"name\":\"L\u00e1pis Easy para Olhos EE &#8211; Olhos &#8211; 002 Brown Suede\"}]},{\"@type\":\"WebSite\",\"@id\":\"https:\/\/www.jordanacosmeticos.com.br\/loja\/#website\",\"url\":\"https:\/\/www.jordanacosmeticos.com.br\/loja\/\",\"name\":\"Jordana Cosm\u00e9ticos no Brasil\",\"description\":\"\",\"publisher\":{\"@id\":\"https:\/\/www.jordanacosmeticos.com.br\/loja\/#organization\"},\"potentialAction\":[{\"@type\":\"SearchAction\",\"target\":{\"@type\":\"EntryPoint\",\"urlTemplate\":\"https:\/\/www.jordanacosmeticos.com.br\/loja\/?s={search_term_string}\"},\"query-input\":\"required name=search_term_string\"}],\"inLanguage\":\"pt-BR\"},{\"@type\":\"Organization\",\"@id\":\"https:\/\/www.jordanacosmeticos.com.br\/loja\/#organization\",\"name\":\"Jordana Cosm\u00e9ticos no Brasil\",\"url\":\"https:\/\/www.jordanacosmeticos.com.br\/loja\/\",\"logo\":{\"@type\":\"ImageObject\",\"inLanguage\":\"pt-BR\",\"@id\":\"https:\/\/www.jordanacosmeticos.com.br\/loja\/#\/schema\/logo\/image\/\",\"url\":\"https:\/\/www.jordanacosmeticos.com.br\/loja\/wp-content\/uploads\/2019\/06\/logo-wpb.fw_.png\",\"contentUrl\":\"https:\/\/www.jordanacosmeticos.com.br\/loja\/wp-content\/uploads\/2019\/06\/logo-wpb.fw_.png\",\"width\":262,\"height\":243,\"caption\":\"Jordana Cosm\u00e9ticos no Brasil\"},\"image\":{\"@id\":\"https:\/\/www.jordanacosmeticos.com.br\/loja\/#\/schema\/logo\/image\/\"}}]}<\/script>\n<!-- \/ Yoast SEO plugin. -->","yoast_head_json":{"title":"L\u00e1pis Easy para Olhos EE - Olhos - 002 Brown Suede - Jordana Cosm\u00e9ticos no Brasil","description":"L\u00e1pis Easy para Olhos EE da Jordana: Aplica\u00e7\u00e3o descomplicada, resultado deslumbrante! Deslize f\u00e1cil, cor intensa. Realce seu olhar com facilidade!","robots":{"index":"index","follow":"follow","max-snippet":"max-snippet:-1","max-image-preview":"max-image-preview:large","max-video-preview":"max-video-preview:-1"},"canonical":"https:\/\/www.jordanacosmeticos.com.br\/loja\/produto\/lapis-easy-para-olhos-ee-olhos-002-brown-suede\/","og_locale":"pt_BR","og_type":"article","og_title":"L\u00e1pis Easy para Olhos EE - Olhos - 002 Brown Suede - Jordana Cosm\u00e9ticos no Brasil","og_description":"L\u00e1pis Easy para Olhos EE da Jordana: Aplica\u00e7\u00e3o descomplicada, resultado deslumbrante! Deslize f\u00e1cil, cor intensa. Realce seu olhar com facilidade!","og_url":"https:\/\/www.jordanacosmeticos.com.br\/loja\/produto\/lapis-easy-para-olhos-ee-olhos-002-brown-suede\/","og_site_name":"Jordana Cosm\u00e9ticos no Brasil","article_modified_time":"2023-09-01T16:31:39+00:00","og_image":[{"width":350,"height":350,"url":"https:\/\/www.jordanacosmeticos.com.br\/loja\/wp-content\/uploads\/2019\/08\/002-Brown-Suede.jpg","type":"image\/jpeg"}],"twitter_card":"summary_large_image","twitter_misc":{"Est. tempo de leitura":"1 minuto"},"schema":{"@context":"https:\/\/schema.org","@graph":[{"@type":"WebPage","@id":"https:\/\/www.jordanacosmeticos.com.br\/loja\/produto\/lapis-easy-para-olhos-ee-olhos-002-brown-suede\/","url":"https:\/\/www.jordanacosmeticos.com.br\/loja\/produto\/lapis-easy-para-olhos-ee-olhos-002-brown-suede\/","name":"L\u00e1pis Easy para Olhos EE - Olhos - 002 Brown Suede - Jordana Cosm\u00e9ticos no Brasil","isPartOf":{"@id":"https:\/\/www.jordanacosmeticos.com.br\/loja\/#website"},"datePublished":"2019-07-06T17:10:04+00:00","dateModified":"2023-09-01T16:31:39+00:00","description":"L\u00e1pis Easy para Olhos EE da Jordana: Aplica\u00e7\u00e3o descomplicada, resultado deslumbrante! Deslize f\u00e1cil, cor intensa. Realce seu olhar com facilidade!","breadcrumb":{"@id":"https:\/\/www.jordanacosmeticos.com.br\/loja\/produto\/lapis-easy-para-olhos-ee-olhos-002-brown-suede\/#breadcrumb"},"inLanguage":"pt-BR","potentialAction":[{"@type":"ReadAction","target":["https:\/\/www.jordanacosmeticos.com.br\/loja\/produto\/lapis-easy-para-olhos-ee-olhos-002-brown-suede\/"]}]},{"@type":"BreadcrumbList","@id":"https:\/\/www.jordanacosmeticos.com.br\/loja\/produto\/lapis-easy-para-olhos-ee-olhos-002-brown-suede\/#breadcrumb","itemListElement":[{"@type":"ListItem","position":1,"name":"In\u00edcio","item":"https:\/\/www.jordanacosmeticos.com.br\/loja\/"},{"@type":"ListItem","position":2,"name":"Loja","item":"https:\/\/www.jordanacosmeticos.com.br\/loja\/loja\/"},{"@type":"ListItem","position":3,"name":"L\u00e1pis Easy para Olhos EE &#8211; Olhos &#8211; 002 Brown Suede"}]},{"@type":"WebSite","@id":"https:\/\/www.jordanacosmeticos.com.br\/loja\/#website","url":"https:\/\/www.jordanacosmeticos.com.br\/loja\/","name":"Jordana Cosm\u00e9ticos no Brasil","description":"","publisher":{"@id":"https:\/\/www.jordanacosmeticos.com.br\/loja\/#organization"},"potentialAction":[{"@type":"SearchAction","target":{"@type":"EntryPoint","urlTemplate":"https:\/\/www.jordanacosmeticos.com.br\/loja\/?s={search_term_string}"},"query-input":"required name=search_term_string"}],"inLanguage":"pt-BR"},{"@type":"Organization","@id":"https:\/\/www.jordanacosmeticos.com.br\/loja\/#organization","name":"Jordana Cosm\u00e9ticos no Brasil","url":"https:\/\/www.jordanacosmeticos.com.br\/loja\/","logo":{"@type":"ImageObject","inLanguage":"pt-BR","@id":"https:\/\/www.jordanacosmeticos.com.br\/loja\/#\/schema\/logo\/image\/","url":"https:\/\/www.jordanacosmeticos.com.br\/loja\/wp-content\/uploads\/2019\/06\/logo-wpb.fw_.png","contentUrl":"https:\/\/www.jordanacosmeticos.com.br\/loja\/wp-content\/uploads\/2019\/06\/logo-wpb.fw_.png","width":262,"height":243,"caption":"Jordana Cosm\u00e9ticos no Brasil"},"image":{"@id":"https:\/\/www.jordanacosmeticos.com.br\/loja\/#\/schema\/logo\/image\/"}}]}},"_links":{"self":[{"href":"https:\/\/www.jordanacosmeticos.com.br\/loja\/wp-json\/wp\/v2\/product\/308"}],"collection":[{"href":"https:\/\/www.jordanacosmeticos.com.br\/loja\/wp-json\/wp\/v2\/product"}],"about":[{"href":"https:\/\/www.jordanacosmeticos.com.br\/loja\/wp-json\/wp\/v2\/types\/product"}],"replies":[{"embeddable":true,"href":"https:\/\/www.jordanacosmeticos.com.br\/loja\/wp-json\/wp\/v2\/comments?post=308"}],"wp:featuredmedia":[{"embeddable":true,"href":"https:\/\/www.jordanacosmeticos.com.br\/loja\/wp-json\/wp\/v2\/media\/2150"}],"wp:attachment":[{"href":"https:\/\/www.jordanacosmeticos.com.br\/loja\/wp-json\/wp\/v2\/media?parent=308"}],"wp:term":[{"taxonomy":"product_cat","embeddable":true,"href":"https:\/\/www.jordanacosmeticos.com.br\/loja\/wp-json\/wp\/v2\/product_cat?post=308"},{"taxonomy":"product_tag","embeddable":true,"href":"https:\/\/www.jordanacosmeticos.com.br\/loja\/wp-json\/wp\/v2\/product_tag?post=308"}],"curies":[{"name":"wp","href":"https:\/\/api.w.org\/{rel}","templated":true}]}}