{"id":2721,"date":"2019-09-02T08:54:36","date_gmt":"2019-09-02T11:54:36","guid":{"rendered":"http:\/\/www.jordanacosmeticos.com.br\/loja2\/?page_id=2721"},"modified":"2019-09-02T12:40:20","modified_gmt":"2019-09-02T15:40:20","slug":"empresa","status":"publish","type":"page","link":"https:\/\/www.jordanacosmeticos.com.br\/loja\/empresa\/","title":{"rendered":"A Empresa"},"content":{"rendered":"\t\t<div data-elementor-type=\"wp-post\" data-elementor-id=\"2721\" class=\"elementor elementor-2721\" data-elementor-post-type=\"page\">\n\t\t\t\t\t\t<section class=\"elementor-section elementor-top-section elementor-element elementor-element-7330a34 elementor-section-boxed elementor-section-height-default elementor-section-height-default\" data-id=\"7330a34\" data-element_type=\"section\">\n\t\t\t\t\t\t<div class=\"elementor-container elementor-column-gap-default\">\n\t\t\t\t\t<div class=\"elementor-column elementor-col-100 elementor-top-column elementor-element elementor-element-2dda5e7\" data-id=\"2dda5e7\" data-element_type=\"column\">\n\t\t\t<div class=\"elementor-widget-wrap elementor-element-populated\">\n\t\t\t\t\t\t<div class=\"elementor-element elementor-element-430cb76 elementor-widget elementor-widget-heading\" data-id=\"430cb76\" data-element_type=\"widget\" data-widget_type=\"heading.default\">\n\t\t\t\t<div class=\"elementor-widget-container\">\n\t\t\t<h2 class=\"elementor-heading-title elementor-size-default\">SOBRE A EMPRESA<\/h2>\t\t<\/div>\n\t\t\t\t<\/div>\n\t\t\t\t<div class=\"elementor-element elementor-element-a51e4be elementor-widget elementor-widget-spacer\" data-id=\"a51e4be\" data-element_type=\"widget\" data-widget_type=\"spacer.default\">\n\t\t\t\t<div class=\"elementor-widget-container\">\n\t\t\t\t\t<div class=\"elementor-spacer\">\n\t\t\t<div class=\"elementor-spacer-inner\"><\/div>\n\t\t<\/div>\n\t\t\t\t<\/div>\n\t\t\t\t<\/div>\n\t\t\t\t\t<\/div>\n\t\t<\/div>\n\t\t\t\t\t<\/div>\n\t\t<\/section>\n\t\t\t\t<section class=\"elementor-section elementor-top-section elementor-element elementor-element-1b2304a elementor-section-boxed elementor-section-height-default elementor-section-height-default\" data-id=\"1b2304a\" data-element_type=\"section\">\n\t\t\t\t\t\t<div class=\"elementor-container elementor-column-gap-default\">\n\t\t\t\t\t<div class=\"elementor-column elementor-col-50 elementor-top-column elementor-element elementor-element-30d2ec4\" data-id=\"30d2ec4\" data-element_type=\"column\">\n\t\t\t<div class=\"elementor-widget-wrap elementor-element-populated\">\n\t\t\t\t\t\t<div class=\"elementor-element elementor-element-9782137 elementor-widget elementor-widget-image\" data-id=\"9782137\" data-element_type=\"widget\" data-widget_type=\"image.default\">\n\t\t\t\t<div class=\"elementor-widget-container\">\n\t\t\t\t\t\t\t\t\t\t\t\t\t<img fetchpriority=\"high\" decoding=\"async\" width=\"262\" height=\"243\" src=\"https:\/\/www.jordanacosmeticos.com.br\/loja\/wp-content\/uploads\/2019\/09\/logo-wpb.fw_.png\" class=\"attachment-large size-large wp-image-2820\" alt=\"\" \/>\t\t\t\t\t\t\t\t\t\t\t\t\t<\/div>\n\t\t\t\t<\/div>\n\t\t\t\t\t<\/div>\n\t\t<\/div>\n\t\t\t\t<div class=\"elementor-column elementor-col-50 elementor-top-column elementor-element elementor-element-8732724\" data-id=\"8732724\" data-element_type=\"column\">\n\t\t\t<div class=\"elementor-widget-wrap elementor-element-populated\">\n\t\t\t\t\t\t<div class=\"elementor-element elementor-element-92aa3f3 elementor-widget elementor-widget-text-editor\" data-id=\"92aa3f3\" data-element_type=\"widget\" data-widget_type=\"text-editor.default\">\n\t\t\t\t<div class=\"elementor-widget-container\">\n\t\t\t\t\t\t\t<p>Empresa brasileira de importa\u00e7\u00e3o de produtos de cosm\u00e9ticos, estamos no mercado de importa\u00e7\u00e3o desde 1988 e a nossa miss\u00e3o \u00e9 fornecer solu\u00e7\u00f5es para comercializar produtos da empresa Jordana situada no EUA.<\/p><p>Com atua\u00e7\u00e3o focada no com\u00e9rcio brasileiro operando com representantes e parceiros em todo o Brasil.<\/p><p>Estamos disponibilizando nossa loja para que o mercado brasileiro possa apreciar os produtos de primeira linha da empresa Jordana.<\/p><p>Com a seguran\u00e7a, rapidez, efici\u00eancia e qualidade que nossos clientes e parceiros necessitam.<\/p>\t\t\t\t\t\t<\/div>\n\t\t\t\t<\/div>\n\t\t\t\t\t<\/div>\n\t\t<\/div>\n\t\t\t\t\t<\/div>\n\t\t<\/section>\n\t\t\t\t<section class=\"elementor-section elementor-top-section elementor-element elementor-element-17370b9 elementor-section-boxed elementor-section-height-default elementor-section-height-default\" data-id=\"17370b9\" data-element_type=\"section\">\n\t\t\t\t\t\t<div class=\"elementor-container elementor-column-gap-default\">\n\t\t\t\t\t<div class=\"elementor-column elementor-col-100 elementor-top-column elementor-element elementor-element-3874dab\" data-id=\"3874dab\" data-element_type=\"column\">\n\t\t\t<div class=\"elementor-widget-wrap\">\n\t\t\t\t\t\t\t<\/div>\n\t\t<\/div>\n\t\t\t\t\t<\/div>\n\t\t<\/section>\n\t\t\t\t<\/div>\n\t\t","protected":false},"excerpt":{"rendered":"<p>SOBRE A EMPRESA Empresa brasileira de importa\u00e7\u00e3o de produtos de cosm\u00e9ticos, estamos no mercado de importa\u00e7\u00e3o desde 1988 e a nossa miss\u00e3o \u00e9 fornecer solu\u00e7\u00f5es para comercializar produtos da empresa Jordana situada no EUA. Com atua\u00e7\u00e3o focada no com\u00e9rcio brasileiro operando com representantes e parceiros em todo o Brasil. Estamos disponibilizando nossa loja para que [&hellip;]<\/p>\n","protected":false},"author":1,"featured_media":0,"parent":0,"menu_order":0,"comment_status":"closed","ping_status":"closed","template":"","meta":[],"yoast_head":"<!-- This site is optimized with the Yoast SEO plugin v20.13 - https:\/\/yoast.com\/wordpress\/plugins\/seo\/ -->\n<title>A Empresa - Jordana Cosm\u00e9ticos no Brasil<\/title>\n<meta name=\"robots\" content=\"index, follow, max-snippet:-1, max-image-preview:large, max-video-preview:-1\" \/>\n<link rel=\"canonical\" href=\"https:\/\/www.jordanacosmeticos.com.br\/loja\/empresa\/\" \/>\n<meta property=\"og:locale\" content=\"pt_BR\" \/>\n<meta property=\"og:type\" content=\"article\" \/>\n<meta property=\"og:title\" content=\"A Empresa - Jordana Cosm\u00e9ticos no Brasil\" \/>\n<meta property=\"og:description\" content=\"SOBRE A EMPRESA Empresa brasileira de importa\u00e7\u00e3o de produtos de cosm\u00e9ticos, estamos no mercado de importa\u00e7\u00e3o desde 1988 e a nossa miss\u00e3o \u00e9 fornecer solu\u00e7\u00f5es para comercializar produtos da empresa Jordana situada no EUA. Com atua\u00e7\u00e3o focada no com\u00e9rcio brasileiro operando com representantes e parceiros em todo o Brasil. Estamos disponibilizando nossa loja para que [&hellip;]\" \/>\n<meta property=\"og:url\" content=\"https:\/\/www.jordanacosmeticos.com.br\/loja\/empresa\/\" \/>\n<meta property=\"og:site_name\" content=\"Jordana Cosm\u00e9ticos no Brasil\" \/>\n<meta property=\"article:modified_time\" content=\"2019-09-02T15:40:20+00:00\" \/>\n<meta property=\"og:image\" content=\"http:\/\/www.jordanacosmeticos.com.br\/loja2\/wp-content\/uploads\/2019\/09\/logo-wpb.fw_.png\" \/>\n<meta name=\"twitter:card\" content=\"summary_large_image\" \/>\n<script type=\"application\/ld+json\" class=\"yoast-schema-graph\">{\"@context\":\"https:\/\/schema.org\",\"@graph\":[{\"@type\":\"WebPage\",\"@id\":\"https:\/\/www.jordanacosmeticos.com.br\/loja\/empresa\/\",\"url\":\"https:\/\/www.jordanacosmeticos.com.br\/loja\/empresa\/\",\"name\":\"A Empresa - Jordana Cosm\u00e9ticos no Brasil\",\"isPartOf\":{\"@id\":\"https:\/\/www.jordanacosmeticos.com.br\/loja\/#website\"},\"datePublished\":\"2019-09-02T11:54:36+00:00\",\"dateModified\":\"2019-09-02T15:40:20+00:00\",\"breadcrumb\":{\"@id\":\"https:\/\/www.jordanacosmeticos.com.br\/loja\/empresa\/#breadcrumb\"},\"inLanguage\":\"pt-BR\",\"potentialAction\":[{\"@type\":\"ReadAction\",\"target\":[\"https:\/\/www.jordanacosmeticos.com.br\/loja\/empresa\/\"]}]},{\"@type\":\"BreadcrumbList\",\"@id\":\"https:\/\/www.jordanacosmeticos.com.br\/loja\/empresa\/#breadcrumb\",\"itemListElement\":[{\"@type\":\"ListItem\",\"position\":1,\"name\":\"In\u00edcio\",\"item\":\"https:\/\/www.jordanacosmeticos.com.br\/loja\/\"},{\"@type\":\"ListItem\",\"position\":2,\"name\":\"A Empresa\"}]},{\"@type\":\"WebSite\",\"@id\":\"https:\/\/www.jordanacosmeticos.com.br\/loja\/#website\",\"url\":\"https:\/\/www.jordanacosmeticos.com.br\/loja\/\",\"name\":\"Jordana Cosm\u00e9ticos no Brasil\",\"description\":\"\",\"publisher\":{\"@id\":\"https:\/\/www.jordanacosmeticos.com.br\/loja\/#organization\"},\"potentialAction\":[{\"@type\":\"SearchAction\",\"target\":{\"@type\":\"EntryPoint\",\"urlTemplate\":\"https:\/\/www.jordanacosmeticos.com.br\/loja\/?s={search_term_string}\"},\"query-input\":\"required name=search_term_string\"}],\"inLanguage\":\"pt-BR\"},{\"@type\":\"Organization\",\"@id\":\"https:\/\/www.jordanacosmeticos.com.br\/loja\/#organization\",\"name\":\"Jordana Cosm\u00e9ticos no Brasil\",\"url\":\"https:\/\/www.jordanacosmeticos.com.br\/loja\/\",\"logo\":{\"@type\":\"ImageObject\",\"inLanguage\":\"pt-BR\",\"@id\":\"https:\/\/www.jordanacosmeticos.com.br\/loja\/#\/schema\/logo\/image\/\",\"url\":\"https:\/\/www.jordanacosmeticos.com.br\/loja\/wp-content\/uploads\/2019\/06\/logo-wpb.fw_.png\",\"contentUrl\":\"https:\/\/www.jordanacosmeticos.com.br\/loja\/wp-content\/uploads\/2019\/06\/logo-wpb.fw_.png\",\"width\":262,\"height\":243,\"caption\":\"Jordana Cosm\u00e9ticos no Brasil\"},\"image\":{\"@id\":\"https:\/\/www.jordanacosmeticos.com.br\/loja\/#\/schema\/logo\/image\/\"}}]}<\/script>\n<!-- \/ Yoast SEO plugin. -->","yoast_head_json":{"title":"A Empresa - Jordana Cosm\u00e9ticos no Brasil","robots":{"index":"index","follow":"follow","max-snippet":"max-snippet:-1","max-image-preview":"max-image-preview:large","max-video-preview":"max-video-preview:-1"},"canonical":"https:\/\/www.jordanacosmeticos.com.br\/loja\/empresa\/","og_locale":"pt_BR","og_type":"article","og_title":"A Empresa - Jordana Cosm\u00e9ticos no Brasil","og_description":"SOBRE A EMPRESA Empresa brasileira de importa\u00e7\u00e3o de produtos de cosm\u00e9ticos, estamos no mercado de importa\u00e7\u00e3o desde 1988 e a nossa miss\u00e3o \u00e9 fornecer solu\u00e7\u00f5es para comercializar produtos da empresa Jordana situada no EUA. Com atua\u00e7\u00e3o focada no com\u00e9rcio brasileiro operando com representantes e parceiros em todo o Brasil. Estamos disponibilizando nossa loja para que [&hellip;]","og_url":"https:\/\/www.jordanacosmeticos.com.br\/loja\/empresa\/","og_site_name":"Jordana Cosm\u00e9ticos no Brasil","article_modified_time":"2019-09-02T15:40:20+00:00","og_image":[{"url":"http:\/\/www.jordanacosmeticos.com.br\/loja2\/wp-content\/uploads\/2019\/09\/logo-wpb.fw_.png"}],"twitter_card":"summary_large_image","schema":{"@context":"https:\/\/schema.org","@graph":[{"@type":"WebPage","@id":"https:\/\/www.jordanacosmeticos.com.br\/loja\/empresa\/","url":"https:\/\/www.jordanacosmeticos.com.br\/loja\/empresa\/","name":"A Empresa - Jordana Cosm\u00e9ticos no Brasil","isPartOf":{"@id":"https:\/\/www.jordanacosmeticos.com.br\/loja\/#website"},"datePublished":"2019-09-02T11:54:36+00:00","dateModified":"2019-09-02T15:40:20+00:00","breadcrumb":{"@id":"https:\/\/www.jordanacosmeticos.com.br\/loja\/empresa\/#breadcrumb"},"inLanguage":"pt-BR","potentialAction":[{"@type":"ReadAction","target":["https:\/\/www.jordanacosmeticos.com.br\/loja\/empresa\/"]}]},{"@type":"BreadcrumbList","@id":"https:\/\/www.jordanacosmeticos.com.br\/loja\/empresa\/#breadcrumb","itemListElement":[{"@type":"ListItem","position":1,"name":"In\u00edcio","item":"https:\/\/www.jordanacosmeticos.com.br\/loja\/"},{"@type":"ListItem","position":2,"name":"A Empresa"}]},{"@type":"WebSite","@id":"https:\/\/www.jordanacosmeticos.com.br\/loja\/#website","url":"https:\/\/www.jordanacosmeticos.com.br\/loja\/","name":"Jordana Cosm\u00e9ticos no Brasil","description":"","publisher":{"@id":"https:\/\/www.jordanacosmeticos.com.br\/loja\/#organization"},"potentialAction":[{"@type":"SearchAction","target":{"@type":"EntryPoint","urlTemplate":"https:\/\/www.jordanacosmeticos.com.br\/loja\/?s={search_term_string}"},"query-input":"required name=search_term_string"}],"inLanguage":"pt-BR"},{"@type":"Organization","@id":"https:\/\/www.jordanacosmeticos.com.br\/loja\/#organization","name":"Jordana Cosm\u00e9ticos no Brasil","url":"https:\/\/www.jordanacosmeticos.com.br\/loja\/","logo":{"@type":"ImageObject","inLanguage":"pt-BR","@id":"https:\/\/www.jordanacosmeticos.com.br\/loja\/#\/schema\/logo\/image\/","url":"https:\/\/www.jordanacosmeticos.com.br\/loja\/wp-content\/uploads\/2019\/06\/logo-wpb.fw_.png","contentUrl":"https:\/\/www.jordanacosmeticos.com.br\/loja\/wp-content\/uploads\/2019\/06\/logo-wpb.fw_.png","width":262,"height":243,"caption":"Jordana Cosm\u00e9ticos no Brasil"},"image":{"@id":"https:\/\/www.jordanacosmeticos.com.br\/loja\/#\/schema\/logo\/image\/"}}]}},"_links":{"self":[{"href":"https:\/\/www.jordanacosmeticos.com.br\/loja\/wp-json\/wp\/v2\/pages\/2721"}],"collection":[{"href":"https:\/\/www.jordanacosmeticos.com.br\/loja\/wp-json\/wp\/v2\/pages"}],"about":[{"href":"https:\/\/www.jordanacosmeticos.com.br\/loja\/wp-json\/wp\/v2\/types\/page"}],"author":[{"embeddable":true,"href":"https:\/\/www.jordanacosmeticos.com.br\/loja\/wp-json\/wp\/v2\/users\/1"}],"replies":[{"embeddable":true,"href":"https:\/\/www.jordanacosmeticos.com.br\/loja\/wp-json\/wp\/v2\/comments?post=2721"}],"version-history":[{"count":5,"href":"https:\/\/www.jordanacosmeticos.com.br\/loja\/wp-json\/wp\/v2\/pages\/2721\/revisions"}],"predecessor-version":[{"id":2837,"href":"https:\/\/www.jordanacosmeticos.com.br\/loja\/wp-json\/wp\/v2\/pages\/2721\/revisions\/2837"}],"wp:attachment":[{"href":"https:\/\/www.jordanacosmeticos.com.br\/loja\/wp-json\/wp\/v2\/media?parent=2721"}],"curies":[{"name":"wp","href":"https:\/\/api.w.org\/{rel}","templated":true}]}}